{"id":18,"date":"2023-11-16T15:38:46","date_gmt":"2023-11-16T15:38:46","guid":{"rendered":"https:\/\/www.brillen-kratzmann.de\/cms-new\/?page_id=18"},"modified":"2024-01-03T11:46:20","modified_gmt":"2024-01-03T11:46:20","slug":"produkte","status":"publish","type":"page","link":"https:\/\/www.brillen-kratzmann.de\/cms\/produkte\/","title":{"rendered":"Produkte"},"content":{"rendered":"<p>[et_pb_section fb_built=&#8220;1&#8243; _builder_version=&#8220;4.23.1&#8243; _module_preset=&#8220;default&#8220; background_enable_color=&#8220;off&#8220; background_image=&#8220;https:\/\/www.brillen-kratzmann.de\/cms\/wp-content\/uploads\/2023\/11\/BrillenKratzmann_glas-schalen-kaffeepause-konzept.jpg&#8220; background_position=&#8220;center_right&#8220; min_height=&#8220;400px&#8220; global_colors_info=&#8220;{}&#8220;][et_pb_row _builder_version=&#8220;4.23.1&#8243; _module_preset=&#8220;default&#8220; global_colors_info=&#8220;{}&#8220;][et_pb_column type=&#8220;4_4&#8243; _builder_version=&#8220;4.23.1&#8243; _module_preset=&#8220;default&#8220; global_colors_info=&#8220;{}&#8220;][et_pb_text _builder_version=&#8220;4.23.1&#8243; _module_preset=&#8220;default&#8220; header_font=&#8220;|600|||||||&#8220; header_text_color=&#8220;#FFFFFF&#8220; header_font_size=&#8220;50px&#8220; custom_margin=&#8220;200px||||false|false&#8220; global_colors_info=&#8220;{}&#8220;]<\/p>\n<h1>Unsere Produkte<\/h1>\n<p>[\/et_pb_text][\/et_pb_column][\/et_pb_row][\/et_pb_section][et_pb_section fb_built=&#8220;1&#8243; prev_background_color=&#8220;#ffffff&#8220; _builder_version=&#8220;4.23.1&#8243; _module_preset=&#8220;default&#8220; background_color=&#8220;RGBA(255,255,255,0)&#8220; background_enable_mask_style=&#8220;on&#8220; custom_padding=&#8220;16px||10px|||&#8220; top_divider_style=&#8220;curve&#8220; top_divider_height=&#8220;35px&#8220; locked=&#8220;off&#8220; global_colors_info=&#8220;{}&#8220;][et_pb_row _builder_version=&#8220;4.23.1&#8243; _module_preset=&#8220;default&#8220; custom_margin=&#8220;19px|auto||auto||&#8220; global_colors_info=&#8220;{}&#8220;][et_pb_column type=&#8220;4_4&#8243; _builder_version=&#8220;4.23.1&#8243; _module_preset=&#8220;default&#8220; global_colors_info=&#8220;{}&#8220;][et_pb_text _builder_version=&#8220;4.23.1&#8243; _module_preset=&#8220;default&#8220; header_2_text_color=&#8220;#E02B20&#8243; header_2_font_size=&#8220;33px&#8220; text_orientation=&#8220;center&#8220; custom_margin=&#8220;11px||||false|false&#8220; global_colors_info=&#8220;{}&#8220;]<\/p>\n<h2><span>Wir bieten Ihnen alles rund um das Thema Sehen.<\/span><\/h2>\n<p>[\/et_pb_text][\/et_pb_column][\/et_pb_row][et_pb_row column_structure=&#8220;1_3,1_3,1_3&#8243; make_equal=&#8220;on&#8220; _builder_version=&#8220;4.23.1&#8243; _module_preset=&#8220;default&#8220; locked=&#8220;off&#8220; global_colors_info=&#8220;{}&#8220;][et_pb_column type=&#8220;1_3&#8243; _builder_version=&#8220;4.23.1&#8243; _module_preset=&#8220;default&#8220; use_background_color_gradient=&#8220;on&#8220; background_color_gradient_stops=&#8220;#ffffff 0%|rgba(224,43,32,0.04) 100%&#8220; custom_padding=&#8220;10px|5px|10px|5px|false|false&#8220; border_radii=&#8220;on|10px|10px|10px|10px&#8220; border_width_all=&#8220;3px&#8220; border_color_all=&#8220;rgba(224,43,32,0.34)&#8220; global_colors_info=&#8220;{}&#8220; background__hover_enabled=&#8220;on|desktop&#8220; background_color_gradient_stops__hover=&#8220;#ffffff 5%|rgba(224,43,32,0.1) 100%&#8220; use_background_color_gradient__hover=&#8220;on&#8220;][et_pb_blurb title=&#8220;Brillen und Sonnenbrillen&#8220; image_icon_background_color=&#8220;RGBA(255,255,255,0)&#8220; image=&#8220;https:\/\/www.brillen-kratzmann.de\/cms\/wp-content\/uploads\/2023\/11\/brillenkratzmann_brillen_sm.jpg&#8220; _builder_version=&#8220;4.23.1&#8243; _dynamic_attributes=&#8220;link_option_url&#8220; _module_preset=&#8220;default&#8220; header_font=&#8220;|600|||||||&#8220; header_text_color=&#8220;#E02B20&#8243; background_enable_color=&#8220;off&#8220; custom_margin=&#8220;|10px|18px|10px|false|false&#8220; link_option_url=&#8220;@ET-DC@eyJkeW5hbWljIjp0cnVlLCJjb250ZW50IjoicG9zdF9saW5rX3VybF9wYWdlIiwic2V0dGluZ3MiOnsicG9zdF9pZCI6IjIwIn19@&#8220; border_width_bottom_image=&#8220;6px&#8220; border_color_bottom_image=&#8220;#E02B20&#8243; global_colors_info=&#8220;{}&#8220; background__hover_enabled=&#8220;on|desktop&#8220;]<\/p>\n<p>Egal ob Fern-, Nah-, Gleitsicht-, Arbeitsplatz- oder Sportbrille \u2013 Grundlage f\u00fcr jede Brille ist die genaue Bestimmung der Glasst\u00e4rke und der Zentrierung. F\u00fcr die exakte Bestimmung nehmen wir uns viel Zeit.\u00a0 Denn die Brille ist mehr als nur eine Sehhilfe.<\/p>\n<p>Wir legen gro\u00dfen Wert auf eine handwerkliche perfekte\u00a0 Arbeit.\u00a0 Deshalb fertigen wir alle Brillen in unserer eigenen Werkstatt.<\/p>\n<p>[\/et_pb_blurb][et_pb_button button_url=&#8220;@ET-DC@eyJkeW5hbWljIjp0cnVlLCJjb250ZW50IjoicG9zdF9saW5rX3VybF9wYWdlIiwic2V0dGluZ3MiOnsicG9zdF9pZCI6IjIwIn19@&#8220; button_text=&#8220;Mehr erfahren&#8220; button_alignment=&#8220;center&#8220; _builder_version=&#8220;4.23.1&#8243; _dynamic_attributes=&#8220;button_url&#8220; _module_preset=&#8220;default&#8220; custom_button=&#8220;on&#8220; button_text_color=&#8220;#FFFFFF&#8220; button_bg_color=&#8220;#E02B20&#8243; button_border_radius=&#8220;25px&#8220; button_letter_spacing=&#8220;2px&#8220; button_font=&#8220;|700|||||||&#8220; button_icon=&#8220;&#xe007;||divi||400&#8243; button_icon_color=&#8220;#FFFFFF&#8220; global_colors_info=&#8220;{}&#8220;][\/et_pb_button][\/et_pb_column][et_pb_column type=&#8220;1_3&#8243; _builder_version=&#8220;4.23.1&#8243; _module_preset=&#8220;default&#8220; use_background_color_gradient=&#8220;on&#8220; background_color_gradient_stops=&#8220;#ffffff 0%|rgba(224,43,32,0.04) 100%&#8220; custom_padding=&#8220;10px|5px|10px|5px|false|false&#8220; border_radii=&#8220;on|10px|10px|10px|10px&#8220; border_width_all=&#8220;3px&#8220; border_color_all=&#8220;rgba(224,43,32,0.34)&#8220; global_colors_info=&#8220;{}&#8220; background__hover_enabled=&#8220;on|desktop&#8220; use_background_color_gradient__hover=&#8220;on&#8220; background_color_gradient_stops__hover=&#8220;#ffffff 5%|rgba(224,43,32,0.1) 100%&#8220;][et_pb_blurb title=&#8220;Kontaktlinsen&#8220; image_icon_background_color=&#8220;RGBA(255,255,255,0)&#8220; image=&#8220;https:\/\/www.brillen-kratzmann.de\/cms\/wp-content\/uploads\/2023\/11\/brillenkratzmann_kontaktlinsen_sm.jpg&#8220; _builder_version=&#8220;4.23.1&#8243; _dynamic_attributes=&#8220;link_option_url&#8220; _module_preset=&#8220;default&#8220; header_font=&#8220;|600|||||||&#8220; header_text_color=&#8220;#E02B20&#8243; background_enable_color=&#8220;off&#8220; custom_margin=&#8220;|10px||10px|false|false&#8220; link_option_url=&#8220;@ET-DC@eyJkeW5hbWljIjp0cnVlLCJjb250ZW50IjoicG9zdF9saW5rX3VybF9wYWdlIiwic2V0dGluZ3MiOnsicG9zdF9pZCI6IjI0In19@&#8220; border_width_bottom_image=&#8220;6px&#8220; border_color_bottom_image=&#8220;#E02B20&#8243; global_colors_info=&#8220;{}&#8220; background__hover_enabled=&#8220;on|desktop&#8220;]<\/p>\n<p>Wir alle haben unterschiedliche Augen.<\/p>\n<p lang=\"de-DE\">Diese unterscheiden sich nicht nur in der Farbe und Gr\u00f6sse sondern auch in der W\u00f6lbung und der Sehleistung.<\/p>\n<p lang=\"de-DE\">Deswegen ist es wichtig, dass Sie Kontaktlinsen tragen, welche perfekt auf Ihre Augen abgestimmt sind.<\/p>\n<p>[\/et_pb_blurb][et_pb_button button_url=&#8220;@ET-DC@eyJkeW5hbWljIjp0cnVlLCJjb250ZW50IjoicG9zdF9saW5rX3VybF9wYWdlIiwic2V0dGluZ3MiOnsicG9zdF9pZCI6IjI0In19@&#8220; button_text=&#8220;Mehr erfahren&#8220; button_alignment=&#8220;center&#8220; _builder_version=&#8220;4.23.1&#8243; _dynamic_attributes=&#8220;button_url&#8220; _module_preset=&#8220;default&#8220; custom_button=&#8220;on&#8220; button_text_color=&#8220;#FFFFFF&#8220; button_bg_color=&#8220;#E02B20&#8243; button_border_radius=&#8220;25px&#8220; button_letter_spacing=&#8220;2px&#8220; button_font=&#8220;|700|||||||&#8220; button_icon=&#8220;&#xe007;||divi||400&#8243; button_icon_color=&#8220;#FFFFFF&#8220; custom_margin=&#8220;100px||||false|false&#8220; global_colors_info=&#8220;{}&#8220;][\/et_pb_button][\/et_pb_column][et_pb_column type=&#8220;1_3&#8243; _builder_version=&#8220;4.23.1&#8243; _module_preset=&#8220;default&#8220; use_background_color_gradient=&#8220;on&#8220; background_color_gradient_stops=&#8220;#ffffff 0%|rgba(224,43,32,0.04) 100%&#8220; custom_padding=&#8220;10px|5px|10px|5px|false|false&#8220; border_radii=&#8220;on|10px|10px|10px|10px&#8220; border_width_all=&#8220;3px&#8220; border_color_all=&#8220;rgba(224,43,32,0.34)&#8220; global_colors_info=&#8220;{}&#8220; background__hover_enabled=&#8220;on|desktop&#8220; use_background_color_gradient__hover=&#8220;on&#8220; background_color_gradient_stops__hover=&#8220;#ffffff 5%|rgba(224,43,32,0.1) 100%&#8220;][et_pb_blurb title=&#8220;Handelsware&#8220; image_icon_background_color=&#8220;RGBA(255,255,255,0)&#8220; image=&#8220;https:\/\/www.brillen-kratzmann.de\/cms\/wp-content\/uploads\/2023\/11\/brillenkratzmann_handelsware_sm.jpg&#8220; _builder_version=&#8220;4.23.1&#8243; _dynamic_attributes=&#8220;link_option_url&#8220; _module_preset=&#8220;default&#8220; header_level=&#8220;h6&#8243; header_font=&#8220;|600|||||||&#8220; header_text_color=&#8220;#E02B20&#8243; header_font_size=&#8220;16px&#8220; background_enable_color=&#8220;off&#8220; custom_margin=&#8220;|10px||10px|false|false&#8220; link_option_url=&#8220;@ET-DC@eyJkeW5hbWljIjp0cnVlLCJjb250ZW50IjoicG9zdF9saW5rX3VybF9wYWdlIiwic2V0dGluZ3MiOnsicG9zdF9pZCI6IjIyIn19@&#8220; border_width_bottom_image=&#8220;6px&#8220; border_color_bottom_image=&#8220;#E02B20&#8243; global_colors_info=&#8220;{}&#8220; background__hover_enabled=&#8220;on|desktop&#8220;]<\/p>\n<h6>Ferngl\u00e4ser \u2013 wir haben Ferngl\u00e4ser f\u00fcr alle Anspr\u00fcche.<\/h6>\n<p>Bei der Wahl des richtigen Fernglases kommt es vor allem auf die Beratung und den Service an.<\/p>\n<h6>Lupen \u2013 wenn kleines wichtig ist<\/h6>\n<p>Lupen kommen zum Einsatz, wenn eine Vergr\u00f6\u00dferung f\u00fcr Sehaufgaben erforderlich ist. Dies kann im Freizeit- und Hobbybereich genauso wie im Beruf der Fall sein.<span>\u00a0<\/span><\/p>\n<p>[\/et_pb_blurb][et_pb_button button_url=&#8220;@ET-DC@eyJkeW5hbWljIjp0cnVlLCJjb250ZW50IjoicG9zdF9saW5rX3VybF9wYWdlIiwic2V0dGluZ3MiOnsicG9zdF9pZCI6IjIyIn19@&#8220; button_text=&#8220;Mehr erfahren&#8220; button_alignment=&#8220;center&#8220; _builder_version=&#8220;4.23.1&#8243; _dynamic_attributes=&#8220;button_url&#8220; _module_preset=&#8220;default&#8220; custom_button=&#8220;on&#8220; button_text_color=&#8220;#FFFFFF&#8220; button_bg_color=&#8220;#E02B20&#8243; button_border_radius=&#8220;25px&#8220; button_letter_spacing=&#8220;2px&#8220; button_font=&#8220;|700|||||||&#8220; button_icon=&#8220;&#xe007;||divi||400&#8243; button_icon_color=&#8220;#FFFFFF&#8220; global_colors_info=&#8220;{}&#8220;][\/et_pb_button][\/et_pb_column][\/et_pb_row][\/et_pb_section][et_pb_section fb_built=&#8220;1&#8243; _builder_version=&#8220;4.23.1&#8243; _module_preset=&#8220;default&#8220; global_colors_info=&#8220;{}&#8220;][et_pb_row column_structure=&#8220;2_5,3_5&#8243; _builder_version=&#8220;4.23.1&#8243; _module_preset=&#8220;default&#8220; global_colors_info=&#8220;{}&#8220;][et_pb_column type=&#8220;2_5&#8243; _builder_version=&#8220;4.23.1&#8243; _module_preset=&#8220;default&#8220; global_colors_info=&#8220;{}&#8220;][et_pb_image src=&#8220;https:\/\/www.brillen-kratzmann.de\/cms\/wp-content\/uploads\/2023\/11\/Sehteststelle.png&#8220; title_text=&#8220;Sehteststelle&#8220; _builder_version=&#8220;4.23.1&#8243; _module_preset=&#8220;default&#8220; width=&#8220;64%&#8220; module_alignment=&#8220;center&#8220; global_colors_info=&#8220;{}&#8220;][\/et_pb_image][\/et_pb_column][et_pb_column type=&#8220;3_5&#8243; _builder_version=&#8220;4.23.1&#8243; _module_preset=&#8220;default&#8220; global_colors_info=&#8220;{}&#8220;][et_pb_text _builder_version=&#8220;4.23.1&#8243; _module_preset=&#8220;default&#8220; link_font=&#8220;|600|||||||&#8220; link_text_color=&#8220;#E02B20&#8243; global_colors_info=&#8220;{}&#8220;]<\/p>\n<h2><strong>F\u00fchrerscheinsehtest<\/strong><\/h2>\n<p>Wenn Sie einen F\u00fchrerscheinsehtest machen wollen, m\u00fcssen Sie nach den Vorgaben von \u00a7 12 der Fahrerlaubnis-Verordnung (FeV) ihr Sehverm\u00f6gen bei einer amtlich anerkannten F\u00fchrerscheinsehteststelle pr\u00fcfen lassen. Wir sind eine solche amtlich anerkannte Sehteststelle und Sie k\u00f6nnen jederzeit und ohne Voranmeldung den Sehtest bei uns ablegen. <br \/>Da wir verpflichtet sind Ihre Identit\u00e4t zu pr\u00fcfen bringen Sie bitte Ihren g\u00fcltigen Personalausweis, Reisepass oder Ihre Aufenthaltsgenehmigung mit.<\/p>\n<p>[\/et_pb_text][et_pb_blurb use_icon=&#8220;on&#8220; font_icon=&#8220;&#xf274;||fa||400&#8243; icon_color=&#8220;#E02B20&#8243; icon_placement=&#8220;left&#8220; _builder_version=&#8220;4.23.1&#8243; _dynamic_attributes=&#8220;link_option_url&#8220; _module_preset=&#8220;default&#8220; body_text_color=&#8220;#E02B20&#8243; custom_padding=&#8220;|||3px||&#8220; link_option_url=&#8220;@ET-DC@eyJkeW5hbWljIjp0cnVlLCJjb250ZW50IjoicG9zdF9saW5rX3VybF9wYWdlIiwic2V0dGluZ3MiOnsicG9zdF9pZCI6IjI5In19@&#8220; global_colors_info=&#8220;{}&#8220;]<\/p>\n<p><span>Gerne k\u00f6nnen Sie auch einen Termin f\u00fcr den F\u00fchrerscheinsehtest mit uns vereinbaren.<\/span><\/p>\n<p>[\/et_pb_blurb][\/et_pb_column][\/et_pb_row][\/et_pb_section][et_pb_section fb_built=&#8220;1&#8243; _builder_version=&#8220;4.23.1&#8243; _module_preset=&#8220;default&#8220; background_color=&#8220;rgba(12,113,195,0.14)&#8220; locked=&#8220;off&#8220; global_colors_info=&#8220;{}&#8220;][et_pb_row column_structure=&#8220;1_2,1_2&#8243; _builder_version=&#8220;4.23.1&#8243; _module_preset=&#8220;default&#8220; global_colors_info=&#8220;{}&#8220;][et_pb_column type=&#8220;1_2&#8243; _builder_version=&#8220;4.23.1&#8243; _module_preset=&#8220;default&#8220; global_colors_info=&#8220;{}&#8220;][et_pb_image src=&#8220;https:\/\/www.brillen-kratzmann.de\/cms\/wp-content\/uploads\/2024\/01\/logo_vision_partner-2024.png&#8220; title_text=&#8220;logo_vision_partner-2024&#8243; _builder_version=&#8220;4.23.4&#8243; _module_preset=&#8220;default&#8220; hover_enabled=&#8220;0&#8243; global_colors_info=&#8220;{}&#8220; sticky_enabled=&#8220;0&#8243;][\/et_pb_image][\/et_pb_column][et_pb_column type=&#8220;1_2&#8243; _builder_version=&#8220;4.23.1&#8243; _module_preset=&#8220;default&#8220; global_colors_info=&#8220;{}&#8220;][et_pb_text _builder_version=&#8220;4.23.1&#8243; _module_preset=&#8220;default&#8220; global_colors_info=&#8220;{}&#8220;]<\/p>\n<h2><strong><span>Schritt f\u00fcr Schritt zur besten ZEISS Brillenglas-L\u00f6sung.<\/span><\/strong><\/h2>\n<p><span>In jedem Augenblick die bestm\u00f6gliche Sicht. Daf\u00fcr nutzen wir die ZEISS Seh-Analyse. Eine wegweisende Analyse, die Ihre\u00a0individuelle Sehsituation ber\u00fccksichtigt und hochmoderne ZEISS Ger\u00e4te f\u00fcr eine pr\u00e4zise Vermessung Ihrer Augen nutzt. So finden wir die perfekten ZEISS Pr\u00e4zisions-Brillengl\u00e4ser f\u00fcr Ihre Bed\u00fcrfnisse.\u00a0\u00dcberzeugen Sie sich selbst davon!<\/span><\/p>\n<p>[\/et_pb_text][et_pb_button button_url=&#8220;@ET-DC@eyJkeW5hbWljIjp0cnVlLCJjb250ZW50IjoicG9zdF9saW5rX3VybF9wYWdlIiwic2V0dGluZ3MiOnsicG9zdF9pZCI6IjkxIn19@&#8220; button_text=&#8220;Unsere Arbeit als Zeiss Vision Partner&#8230;&#8220; button_alignment=&#8220;center&#8220; _builder_version=&#8220;4.23.1&#8243; _dynamic_attributes=&#8220;button_url&#8220; _module_preset=&#8220;default&#8220; custom_button=&#8220;on&#8220; button_text_color=&#8220;#0C71C3&#8243; button_bg_color=&#8220;RGBA(255,255,255,0)&#8220; button_border_radius=&#8220;25px&#8220; button_font=&#8220;|700|||||||&#8220; button_icon=&#8220;&#xf530;||fa||900&#8243; button_icon_color=&#8220;#0C71C3&#8243; global_colors_info=&#8220;{}&#8220; button_bg_color__hover_enabled=&#8220;on|desktop&#8220; button_border_color__hover_enabled=&#8220;on|hover&#8220; button_border_color__hover=&#8220;#0C71C3&#8243; button_letter_spacing__hover_enabled=&#8220;on|hover&#8220; button_bg_color__hover=&#8220;RGBA(255,255,255,0)&#8220;][\/et_pb_button][\/et_pb_column][\/et_pb_row][\/et_pb_section]<\/p>\n","protected":false},"excerpt":{"rendered":"<p>Unsere ProdukteWir bieten Ihnen alles rund um das Thema Sehen.Egal ob Fern-, Nah-, Gleitsicht-, Arbeitsplatz- oder Sportbrille \u2013 Grundlage f\u00fcr jede Brille ist die genaue Bestimmung der Glasst\u00e4rke und der Zentrierung. F\u00fcr die exakte Bestimmung nehmen wir uns viel Zeit.\u00a0 Denn die Brille ist mehr als nur eine Sehhilfe. Wir legen gro\u00dfen Wert auf eine [&hellip;]<\/p>\n","protected":false},"author":1,"featured_media":0,"parent":0,"menu_order":0,"comment_status":"closed","ping_status":"closed","template":"","meta":{"_et_pb_use_builder":"on","_et_pb_old_content":"<!-- wp:divi\/placeholder \/-->","_et_gb_content_width":"","footnotes":""},"class_list":["post-18","page","type-page","status-publish","hentry"],"yoast_head":"<!-- This site is optimized with the Yoast SEO plugin v24.8.1 - https:\/\/yoast.com\/wordpress\/plugins\/seo\/ -->\n<title>Produkte - Brillen Kratzmann<\/title>\n<meta name=\"robots\" content=\"index, follow, max-snippet:-1, max-image-preview:large, max-video-preview:-1\" \/>\n<link rel=\"canonical\" href=\"https:\/\/www.brillen-kratzmann.de\/cms\/produkte\/\" \/>\n<meta property=\"og:locale\" content=\"de_DE\" \/>\n<meta property=\"og:type\" content=\"article\" \/>\n<meta property=\"og:title\" content=\"Produkte - Brillen Kratzmann\" \/>\n<meta property=\"og:description\" content=\"Unsere ProdukteWir bieten Ihnen alles rund um das Thema Sehen.Egal ob Fern-, Nah-, Gleitsicht-, Arbeitsplatz- oder Sportbrille \u2013 Grundlage f\u00fcr jede Brille ist die genaue Bestimmung der Glasst\u00e4rke und der Zentrierung. F\u00fcr die exakte Bestimmung nehmen wir uns viel Zeit.\u00a0 Denn die Brille ist mehr als nur eine Sehhilfe. Wir legen gro\u00dfen Wert auf eine [&hellip;]\" \/>\n<meta property=\"og:url\" content=\"https:\/\/www.brillen-kratzmann.de\/cms\/produkte\/\" \/>\n<meta property=\"og:site_name\" content=\"Brillen Kratzmann\" \/>\n<meta property=\"article:modified_time\" content=\"2024-01-03T11:46:20+00:00\" \/>\n<meta name=\"twitter:card\" content=\"summary_large_image\" \/>\n<script type=\"application\/ld+json\" class=\"yoast-schema-graph\">{\"@context\":\"https:\/\/schema.org\",\"@graph\":[{\"@type\":\"WebPage\",\"@id\":\"https:\/\/www.brillen-kratzmann.de\/cms\/produkte\/\",\"url\":\"https:\/\/www.brillen-kratzmann.de\/cms\/produkte\/\",\"name\":\"Produkte - Brillen Kratzmann\",\"isPartOf\":{\"@id\":\"https:\/\/www.brillen-kratzmann.de\/cms\/#website\"},\"datePublished\":\"2023-11-16T15:38:46+00:00\",\"dateModified\":\"2024-01-03T11:46:20+00:00\",\"breadcrumb\":{\"@id\":\"https:\/\/www.brillen-kratzmann.de\/cms\/produkte\/#breadcrumb\"},\"inLanguage\":\"de\",\"potentialAction\":[{\"@type\":\"ReadAction\",\"target\":[\"https:\/\/www.brillen-kratzmann.de\/cms\/produkte\/\"]}]},{\"@type\":\"BreadcrumbList\",\"@id\":\"https:\/\/www.brillen-kratzmann.de\/cms\/produkte\/#breadcrumb\",\"itemListElement\":[{\"@type\":\"ListItem\",\"position\":1,\"name\":\"Startseite\",\"item\":\"https:\/\/www.brillen-kratzmann.de\/cms\/\"},{\"@type\":\"ListItem\",\"position\":2,\"name\":\"Produkte\"}]},{\"@type\":\"WebSite\",\"@id\":\"https:\/\/www.brillen-kratzmann.de\/cms\/#website\",\"url\":\"https:\/\/www.brillen-kratzmann.de\/cms\/\",\"name\":\"Brillen Kratzmann\",\"description\":\"Seit \u00fcber 70 Jahren i Ihr Fachgesch\u00e4ft f\u00fcr perfektes Sehen in Stuttgart\",\"potentialAction\":[{\"@type\":\"SearchAction\",\"target\":{\"@type\":\"EntryPoint\",\"urlTemplate\":\"https:\/\/www.brillen-kratzmann.de\/cms\/?s={search_term_string}\"},\"query-input\":{\"@type\":\"PropertyValueSpecification\",\"valueRequired\":true,\"valueName\":\"search_term_string\"}}],\"inLanguage\":\"de\"}]}<\/script>\n<!-- \/ Yoast SEO plugin. -->","yoast_head_json":{"title":"Produkte - Brillen Kratzmann","robots":{"index":"index","follow":"follow","max-snippet":"max-snippet:-1","max-image-preview":"max-image-preview:large","max-video-preview":"max-video-preview:-1"},"canonical":"https:\/\/www.brillen-kratzmann.de\/cms\/produkte\/","og_locale":"de_DE","og_type":"article","og_title":"Produkte - Brillen Kratzmann","og_description":"Unsere ProdukteWir bieten Ihnen alles rund um das Thema Sehen.Egal ob Fern-, Nah-, Gleitsicht-, Arbeitsplatz- oder Sportbrille \u2013 Grundlage f\u00fcr jede Brille ist die genaue Bestimmung der Glasst\u00e4rke und der Zentrierung. F\u00fcr die exakte Bestimmung nehmen wir uns viel Zeit.\u00a0 Denn die Brille ist mehr als nur eine Sehhilfe. Wir legen gro\u00dfen Wert auf eine [&hellip;]","og_url":"https:\/\/www.brillen-kratzmann.de\/cms\/produkte\/","og_site_name":"Brillen Kratzmann","article_modified_time":"2024-01-03T11:46:20+00:00","twitter_card":"summary_large_image","schema":{"@context":"https:\/\/schema.org","@graph":[{"@type":"WebPage","@id":"https:\/\/www.brillen-kratzmann.de\/cms\/produkte\/","url":"https:\/\/www.brillen-kratzmann.de\/cms\/produkte\/","name":"Produkte - Brillen Kratzmann","isPartOf":{"@id":"https:\/\/www.brillen-kratzmann.de\/cms\/#website"},"datePublished":"2023-11-16T15:38:46+00:00","dateModified":"2024-01-03T11:46:20+00:00","breadcrumb":{"@id":"https:\/\/www.brillen-kratzmann.de\/cms\/produkte\/#breadcrumb"},"inLanguage":"de","potentialAction":[{"@type":"ReadAction","target":["https:\/\/www.brillen-kratzmann.de\/cms\/produkte\/"]}]},{"@type":"BreadcrumbList","@id":"https:\/\/www.brillen-kratzmann.de\/cms\/produkte\/#breadcrumb","itemListElement":[{"@type":"ListItem","position":1,"name":"Startseite","item":"https:\/\/www.brillen-kratzmann.de\/cms\/"},{"@type":"ListItem","position":2,"name":"Produkte"}]},{"@type":"WebSite","@id":"https:\/\/www.brillen-kratzmann.de\/cms\/#website","url":"https:\/\/www.brillen-kratzmann.de\/cms\/","name":"Brillen Kratzmann","description":"Seit \u00fcber 70 Jahren i Ihr Fachgesch\u00e4ft f\u00fcr perfektes Sehen in Stuttgart","potentialAction":[{"@type":"SearchAction","target":{"@type":"EntryPoint","urlTemplate":"https:\/\/www.brillen-kratzmann.de\/cms\/?s={search_term_string}"},"query-input":{"@type":"PropertyValueSpecification","valueRequired":true,"valueName":"search_term_string"}}],"inLanguage":"de"}]}},"_links":{"self":[{"href":"https:\/\/www.brillen-kratzmann.de\/cms\/wp-json\/wp\/v2\/pages\/18","targetHints":{"allow":["GET"]}}],"collection":[{"href":"https:\/\/www.brillen-kratzmann.de\/cms\/wp-json\/wp\/v2\/pages"}],"about":[{"href":"https:\/\/www.brillen-kratzmann.de\/cms\/wp-json\/wp\/v2\/types\/page"}],"author":[{"embeddable":true,"href":"https:\/\/www.brillen-kratzmann.de\/cms\/wp-json\/wp\/v2\/users\/1"}],"replies":[{"embeddable":true,"href":"https:\/\/www.brillen-kratzmann.de\/cms\/wp-json\/wp\/v2\/comments?post=18"}],"version-history":[{"count":9,"href":"https:\/\/www.brillen-kratzmann.de\/cms\/wp-json\/wp\/v2\/pages\/18\/revisions"}],"predecessor-version":[{"id":458,"href":"https:\/\/www.brillen-kratzmann.de\/cms\/wp-json\/wp\/v2\/pages\/18\/revisions\/458"}],"wp:attachment":[{"href":"https:\/\/www.brillen-kratzmann.de\/cms\/wp-json\/wp\/v2\/media?parent=18"}],"curies":[{"name":"wp","href":"https:\/\/api.w.org\/{rel}","templated":true}]}}