{"id":20,"date":"2023-11-16T15:39:01","date_gmt":"2023-11-16T15:39:01","guid":{"rendered":"https:\/\/www.brillen-kratzmann.de\/cms-new\/?page_id=20"},"modified":"2023-12-21T17:30:36","modified_gmt":"2023-12-21T17:30:36","slug":"brillen","status":"publish","type":"page","link":"https:\/\/www.brillen-kratzmann.de\/cms\/brillen\/","title":{"rendered":"Brillen"},"content":{"rendered":"<p>[et_pb_section fb_built=&#8220;1&#8243; next_background_color=&#8220;#ffffff&#8220; _builder_version=&#8220;4.23.1&#8243; _module_preset=&#8220;default&#8220; background_enable_color=&#8220;off&#8220; background_image=&#8220;https:\/\/www.brillen-kratzmann.de\/cms\/wp-content\/uploads\/2023\/11\/BrillenKratzmann_glas-schalen-kaffeepause-konzept.jpg&#8220; min_height=&#8220;400px&#8220; custom_padding=&#8220;||56px|||&#8220; bottom_divider_style=&#8220;ramp2&#8243; bottom_divider_flip=&#8220;horizontal&#8220; global_colors_info=&#8220;{}&#8220;][et_pb_row _builder_version=&#8220;4.23.1&#8243; _module_preset=&#8220;default&#8220; custom_padding=&#8220;250px||1px||false|false&#8220; global_colors_info=&#8220;{}&#8220;][et_pb_column type=&#8220;4_4&#8243; _builder_version=&#8220;4.23.1&#8243; _module_preset=&#8220;default&#8220; global_colors_info=&#8220;{}&#8220;][et_pb_text _builder_version=&#8220;4.23.1&#8243; _module_preset=&#8220;default&#8220; text_text_color=&#8220;#000000&#8243; header_text_color=&#8220;#FFFFFF&#8220; header_font_size=&#8220;46px&#8220; global_colors_info=&#8220;{}&#8220;]<\/p>\n<h1>Brillen &amp; Sonnenbrillen<\/h1>\n<p>[\/et_pb_text][\/et_pb_column][\/et_pb_row][\/et_pb_section][et_pb_section fb_built=&#8220;1&#8243; _builder_version=&#8220;4.23.1&#8243; _module_preset=&#8220;default&#8220; custom_padding=&#8220;||27px|||&#8220; global_colors_info=&#8220;{}&#8220;][et_pb_row column_structure=&#8220;1_2,1_2&#8243; _builder_version=&#8220;4.23.1&#8243; _module_preset=&#8220;default&#8220; custom_padding=&#8220;||24px|||&#8220; global_colors_info=&#8220;{}&#8220;][et_pb_column type=&#8220;1_2&#8243; _builder_version=&#8220;4.23.1&#8243; _module_preset=&#8220;default&#8220; global_colors_info=&#8220;{}&#8220;][et_pb_text _builder_version=&#8220;4.23.1&#8243; _module_preset=&#8220;default&#8220; text_font_size=&#8220;16px&#8220; global_colors_info=&#8220;{}&#8220;]<\/p>\n<p class=\"et_pb_module_header\">Egal ob <strong>Fern-, Nah-, Gleitsicht-, Arbeitsplatz- oder Sportbrille<\/strong> \u2013 Grundlage f\u00fcr jede Brille ist die genaue Bestimmung der Glasst\u00e4rke und der Zentrierung. F\u00fcr die exakte Bestimmung nehmen wir uns viel Zeit.\u00a0 Denn die Brille ist mehr als nur eine Sehhilfe.<\/p>\n<p class=\"et_pb_module_header\">\n<div class=\"et_pb_blurb_description\">\n<p>Wir legen gro\u00dfen Wert auf eine handwerkliche perfekte\u00a0 Arbeit.\u00a0 Deshalb fertigen wir alle Brillen in unserer <strong>eigenen Werkstatt.<\/strong><\/p>\n<\/div>\n<p>[\/et_pb_text][et_pb_gallery gallery_ids=&#8220;346,345&#8243; show_title_and_caption=&#8220;off&#8220; show_pagination=&#8220;off&#8220; _builder_version=&#8220;4.23.1&#8243; _module_preset=&#8220;default&#8220; global_colors_info=&#8220;{}&#8220;][\/et_pb_gallery][\/et_pb_column][et_pb_column type=&#8220;1_2&#8243; _builder_version=&#8220;4.23.1&#8243; _module_preset=&#8220;default&#8220; global_colors_info=&#8220;{}&#8220;][et_pb_image src=&#8220;https:\/\/www.brillen-kratzmann.de\/cms\/wp-content\/uploads\/2023\/12\/Brillen-Kratzmann-8369.jpg&#8220; title_text=&#8220;Brillen-Kratzmann-8369&#8243; _builder_version=&#8220;4.23.1&#8243; _module_preset=&#8220;default&#8220; global_colors_info=&#8220;{}&#8220;][\/et_pb_image][\/et_pb_column][\/et_pb_row][et_pb_row _builder_version=&#8220;4.23.1&#8243; _module_preset=&#8220;default&#8220; custom_padding=&#8220;||38px|||&#8220; global_colors_info=&#8220;{}&#8220;][et_pb_column type=&#8220;4_4&#8243; _builder_version=&#8220;4.23.1&#8243; _module_preset=&#8220;default&#8220; global_colors_info=&#8220;{}&#8220;][et_pb_button button_url=&#8220;@ET-DC@eyJkeW5hbWljIjp0cnVlLCJjb250ZW50IjoicG9zdF9saW5rX3VybF9wYWdlIiwic2V0dGluZ3MiOnsicG9zdF9pZCI6IjE4In19@&#8220; button_text=&#8220;Zur\u00fcck zur Produkt\u00fcbersicht&#8220; button_alignment=&#8220;center&#8220; _builder_version=&#8220;4.23.1&#8243; _dynamic_attributes=&#8220;button_url&#8220; _module_preset=&#8220;default&#8220; custom_button=&#8220;on&#8220; button_text_color=&#8220;#FFFFFF&#8220; button_bg_color=&#8220;#E02B20&#8243; button_border_radius=&#8220;25px&#8220; button_letter_spacing=&#8220;2px&#8220; button_font=&#8220;|700|||||||&#8220; button_icon=&#8220;&#xe007;||divi||400&#8243; button_icon_color=&#8220;#FFFFFF&#8220; custom_margin=&#8220;7px||||false|false&#8220; locked=&#8220;off&#8220; global_colors_info=&#8220;{}&#8220;][\/et_pb_button][\/et_pb_column][\/et_pb_row][et_pb_row column_structure=&#8220;2_5,3_5&#8243; _builder_version=&#8220;4.23.1&#8243; _module_preset=&#8220;default&#8220; custom_padding=&#8220;||17px|||&#8220; locked=&#8220;off&#8220; global_colors_info=&#8220;{}&#8220;][et_pb_column type=&#8220;2_5&#8243; _builder_version=&#8220;4.23.1&#8243; _module_preset=&#8220;default&#8220; global_colors_info=&#8220;{}&#8220;][et_pb_image src=&#8220;https:\/\/www.brillen-kratzmann.de\/cms\/wp-content\/uploads\/2023\/11\/Sehteststelle.png&#8220; title_text=&#8220;Sehteststelle&#8220; _builder_version=&#8220;4.23.1&#8243; _module_preset=&#8220;default&#8220; width=&#8220;64%&#8220; module_alignment=&#8220;center&#8220; global_colors_info=&#8220;{}&#8220;][\/et_pb_image][\/et_pb_column][et_pb_column type=&#8220;3_5&#8243; _builder_version=&#8220;4.23.1&#8243; _module_preset=&#8220;default&#8220; global_colors_info=&#8220;{}&#8220;][et_pb_text _builder_version=&#8220;4.23.1&#8243; _module_preset=&#8220;default&#8220; link_font=&#8220;|600|||||||&#8220; link_text_color=&#8220;#E02B20&#8243; global_colors_info=&#8220;{}&#8220;]<\/p>\n<h2><strong>F\u00fchrerscheinsehtest<\/strong><\/h2>\n<p>Wenn Sie einen F\u00fchrerscheinsehtest machen wollen, m\u00fcssen Sie nach den Vorgaben von \u00a7 12 der Fahrerlaubnis-Verordnung (FeV) ihr Sehverm\u00f6gen bei einer amtlich anerkannten F\u00fchrerscheinsehteststelle pr\u00fcfen lassen. Wir sind eine solche amtlich anerkannte Sehteststelle und Sie k\u00f6nnen jederzeit und ohne Voranmeldung den Sehtest bei uns ablegen. <br \/>Da wir verpflichtet sind Ihre Identit\u00e4t zu pr\u00fcfen bringen Sie bitte Ihren g\u00fcltigen Personalausweis, Reisepass oder Ihre Aufenthaltsgenehmigung mit.<\/p>\n<p>[\/et_pb_text][et_pb_blurb use_icon=&#8220;on&#8220; font_icon=&#8220;&#xf274;||fa||400&#8243; icon_color=&#8220;#E02B20&#8243; icon_placement=&#8220;left&#8220; _builder_version=&#8220;4.23.1&#8243; _dynamic_attributes=&#8220;link_option_url&#8220; _module_preset=&#8220;default&#8220; body_text_color=&#8220;#E02B20&#8243; custom_padding=&#8220;|||3px||&#8220; link_option_url=&#8220;@ET-DC@eyJkeW5hbWljIjp0cnVlLCJjb250ZW50IjoicG9zdF9saW5rX3VybF9wYWdlIiwic2V0dGluZ3MiOnsicG9zdF9pZCI6IjI5In19@&#8220; global_colors_info=&#8220;{}&#8220;]<\/p>\n<p><span>Gerne k\u00f6nnen Sie auch einen Termin f\u00fcr den F\u00fchrerscheinsehtest mit uns vereinbaren.<\/span><\/p>\n<p>[\/et_pb_blurb][\/et_pb_column][\/et_pb_row][\/et_pb_section][et_pb_section fb_built=&#8220;1&#8243; _builder_version=&#8220;4.23.1&#8243; _module_preset=&#8220;default&#8220; custom_padding=&#8220;22px|||||&#8220; global_colors_info=&#8220;{}&#8220;][et_pb_row column_structure=&#8220;1_3,1_3,1_3&#8243; _builder_version=&#8220;4.23.1&#8243; _module_preset=&#8220;default&#8220; global_colors_info=&#8220;{}&#8220;][et_pb_column type=&#8220;1_3&#8243; _builder_version=&#8220;4.23.1&#8243; _module_preset=&#8220;default&#8220; global_colors_info=&#8220;{}&#8220;][et_pb_image src=&#8220;https:\/\/www.brillen-kratzmann.de\/cms\/wp-content\/uploads\/2023\/12\/etniaO.jpg&#8220; title_text=&#8220;Markenlogos&#8220; _builder_version=&#8220;4.23.1&#8243; _module_preset=&#8220;default&#8220; hover_enabled=&#8220;0&#8243; global_colors_info=&#8220;{}&#8220; sticky_enabled=&#8220;0&#8243;][\/et_pb_image][et_pb_image src=&#8220;https:\/\/www.brillen-kratzmann.de\/cms\/wp-content\/uploads\/2023\/12\/gucci.jpg&#8220; title_text=&#8220;Markenlogos&#8220; _builder_version=&#8220;4.23.1&#8243; _module_preset=&#8220;default&#8220; hover_enabled=&#8220;0&#8243; global_colors_info=&#8220;{}&#8220; sticky_enabled=&#8220;0&#8243;][\/et_pb_image][\/et_pb_column][et_pb_column type=&#8220;1_3&#8243; _builder_version=&#8220;4.23.1&#8243; _module_preset=&#8220;default&#8220; global_colors_info=&#8220;{}&#8220;][et_pb_image src=&#8220;https:\/\/www.brillen-kratzmann.de\/cms\/wp-content\/uploads\/2023\/12\/Dilem.jpg&#8220; title_text=&#8220;Markenlogos&#8220; _builder_version=&#8220;4.23.1&#8243; _module_preset=&#8220;default&#8220; hover_enabled=&#8220;0&#8243; global_colors_info=&#8220;{}&#8220; sticky_enabled=&#8220;0&#8243;][\/et_pb_image][et_pb_image src=&#8220;https:\/\/www.brillen-kratzmann.de\/cms\/wp-content\/uploads\/2023\/12\/flair.jpg&#8220; title_text=&#8220;Markenlogos&#8220; _builder_version=&#8220;4.23.1&#8243; _module_preset=&#8220;default&#8220; hover_enabled=&#8220;0&#8243; global_colors_info=&#8220;{}&#8220; sticky_enabled=&#8220;0&#8243;][\/et_pb_image][et_pb_image src=&#8220;https:\/\/www.brillen-kratzmann.de\/cms\/wp-content\/uploads\/2023\/12\/rayban.jpg&#8220; _builder_version=&#8220;4.23.1&#8243; _module_preset=&#8220;default&#8220; title_text=&#8220;Markenlogos&#8220; hover_enabled=&#8220;0&#8243; sticky_enabled=&#8220;0&#8243;][\/et_pb_image][\/et_pb_column][et_pb_column type=&#8220;1_3&#8243; _builder_version=&#8220;4.23.1&#8243; _module_preset=&#8220;default&#8220; global_colors_info=&#8220;{}&#8220;][et_pb_image src=&#8220;https:\/\/www.brillen-kratzmann.de\/cms\/wp-content\/uploads\/2023\/12\/kaleos.jpg&#8220; title_text=&#8220;Markenlogos&#8220; _builder_version=&#8220;4.23.1&#8243; _module_preset=&#8220;default&#8220; hover_enabled=&#8220;0&#8243; global_colors_info=&#8220;{}&#8220; sticky_enabled=&#8220;0&#8243;][\/et_pb_image][et_pb_image src=&#8220;https:\/\/www.brillen-kratzmann.de\/cms\/wp-content\/uploads\/2023\/12\/cazal.jpg&#8220; title_text=&#8220;Markenlogos&#8220; _builder_version=&#8220;4.23.1&#8243; _module_preset=&#8220;default&#8220; hover_enabled=&#8220;0&#8243; global_colors_info=&#8220;{}&#8220; sticky_enabled=&#8220;0&#8243;][\/et_pb_image][\/et_pb_column][\/et_pb_row][\/et_pb_section]<\/p>\n","protected":false},"excerpt":{"rendered":"<p>Brillen &amp; SonnenbrillenEgal ob Fern-, Nah-, Gleitsicht-, Arbeitsplatz- oder Sportbrille \u2013 Grundlage f\u00fcr jede Brille ist die genaue Bestimmung der Glasst\u00e4rke und der Zentrierung. F\u00fcr die exakte Bestimmung nehmen wir uns viel Zeit.\u00a0 Denn die Brille ist mehr als nur eine Sehhilfe. Wir legen gro\u00dfen Wert auf eine handwerkliche perfekte\u00a0 Arbeit.\u00a0 Deshalb fertigen wir alle [&hellip;]<\/p>\n","protected":false},"author":1,"featured_media":0,"parent":0,"menu_order":0,"comment_status":"closed","ping_status":"closed","template":"","meta":{"_et_pb_use_builder":"on","_et_pb_old_content":"<!-- wp:divi\/placeholder \/-->","_et_gb_content_width":"","footnotes":""},"class_list":["post-20","page","type-page","status-publish","hentry"],"yoast_head":"<!-- This site is optimized with the Yoast SEO plugin v24.8.1 - https:\/\/yoast.com\/wordpress\/plugins\/seo\/ -->\n<title>Brillen - Brillen Kratzmann<\/title>\n<meta name=\"robots\" content=\"index, follow, max-snippet:-1, max-image-preview:large, max-video-preview:-1\" \/>\n<link rel=\"canonical\" href=\"https:\/\/www.brillen-kratzmann.de\/cms\/brillen\/\" \/>\n<meta property=\"og:locale\" content=\"de_DE\" \/>\n<meta property=\"og:type\" content=\"article\" \/>\n<meta property=\"og:title\" content=\"Brillen - Brillen Kratzmann\" \/>\n<meta property=\"og:description\" content=\"Brillen &amp; SonnenbrillenEgal ob Fern-, Nah-, Gleitsicht-, Arbeitsplatz- oder Sportbrille \u2013 Grundlage f\u00fcr jede Brille ist die genaue Bestimmung der Glasst\u00e4rke und der Zentrierung. F\u00fcr die exakte Bestimmung nehmen wir uns viel Zeit.\u00a0 Denn die Brille ist mehr als nur eine Sehhilfe. Wir legen gro\u00dfen Wert auf eine handwerkliche perfekte\u00a0 Arbeit.\u00a0 Deshalb fertigen wir alle [&hellip;]\" \/>\n<meta property=\"og:url\" content=\"https:\/\/www.brillen-kratzmann.de\/cms\/brillen\/\" \/>\n<meta property=\"og:site_name\" content=\"Brillen Kratzmann\" \/>\n<meta property=\"article:modified_time\" content=\"2023-12-21T17:30:36+00:00\" \/>\n<meta name=\"twitter:card\" content=\"summary_large_image\" \/>\n<script type=\"application\/ld+json\" class=\"yoast-schema-graph\">{\"@context\":\"https:\/\/schema.org\",\"@graph\":[{\"@type\":\"WebPage\",\"@id\":\"https:\/\/www.brillen-kratzmann.de\/cms\/brillen\/\",\"url\":\"https:\/\/www.brillen-kratzmann.de\/cms\/brillen\/\",\"name\":\"Brillen - Brillen Kratzmann\",\"isPartOf\":{\"@id\":\"https:\/\/www.brillen-kratzmann.de\/cms\/#website\"},\"datePublished\":\"2023-11-16T15:39:01+00:00\",\"dateModified\":\"2023-12-21T17:30:36+00:00\",\"breadcrumb\":{\"@id\":\"https:\/\/www.brillen-kratzmann.de\/cms\/brillen\/#breadcrumb\"},\"inLanguage\":\"de\",\"potentialAction\":[{\"@type\":\"ReadAction\",\"target\":[\"https:\/\/www.brillen-kratzmann.de\/cms\/brillen\/\"]}]},{\"@type\":\"BreadcrumbList\",\"@id\":\"https:\/\/www.brillen-kratzmann.de\/cms\/brillen\/#breadcrumb\",\"itemListElement\":[{\"@type\":\"ListItem\",\"position\":1,\"name\":\"Startseite\",\"item\":\"https:\/\/www.brillen-kratzmann.de\/cms\/\"},{\"@type\":\"ListItem\",\"position\":2,\"name\":\"Brillen\"}]},{\"@type\":\"WebSite\",\"@id\":\"https:\/\/www.brillen-kratzmann.de\/cms\/#website\",\"url\":\"https:\/\/www.brillen-kratzmann.de\/cms\/\",\"name\":\"Brillen Kratzmann\",\"description\":\"Seit \u00fcber 70 Jahren i Ihr Fachgesch\u00e4ft f\u00fcr perfektes Sehen in Stuttgart\",\"potentialAction\":[{\"@type\":\"SearchAction\",\"target\":{\"@type\":\"EntryPoint\",\"urlTemplate\":\"https:\/\/www.brillen-kratzmann.de\/cms\/?s={search_term_string}\"},\"query-input\":{\"@type\":\"PropertyValueSpecification\",\"valueRequired\":true,\"valueName\":\"search_term_string\"}}],\"inLanguage\":\"de\"}]}<\/script>\n<!-- \/ Yoast SEO plugin. -->","yoast_head_json":{"title":"Brillen - Brillen Kratzmann","robots":{"index":"index","follow":"follow","max-snippet":"max-snippet:-1","max-image-preview":"max-image-preview:large","max-video-preview":"max-video-preview:-1"},"canonical":"https:\/\/www.brillen-kratzmann.de\/cms\/brillen\/","og_locale":"de_DE","og_type":"article","og_title":"Brillen - Brillen Kratzmann","og_description":"Brillen &amp; SonnenbrillenEgal ob Fern-, Nah-, Gleitsicht-, Arbeitsplatz- oder Sportbrille \u2013 Grundlage f\u00fcr jede Brille ist die genaue Bestimmung der Glasst\u00e4rke und der Zentrierung. F\u00fcr die exakte Bestimmung nehmen wir uns viel Zeit.\u00a0 Denn die Brille ist mehr als nur eine Sehhilfe. Wir legen gro\u00dfen Wert auf eine handwerkliche perfekte\u00a0 Arbeit.\u00a0 Deshalb fertigen wir alle [&hellip;]","og_url":"https:\/\/www.brillen-kratzmann.de\/cms\/brillen\/","og_site_name":"Brillen Kratzmann","article_modified_time":"2023-12-21T17:30:36+00:00","twitter_card":"summary_large_image","schema":{"@context":"https:\/\/schema.org","@graph":[{"@type":"WebPage","@id":"https:\/\/www.brillen-kratzmann.de\/cms\/brillen\/","url":"https:\/\/www.brillen-kratzmann.de\/cms\/brillen\/","name":"Brillen - Brillen Kratzmann","isPartOf":{"@id":"https:\/\/www.brillen-kratzmann.de\/cms\/#website"},"datePublished":"2023-11-16T15:39:01+00:00","dateModified":"2023-12-21T17:30:36+00:00","breadcrumb":{"@id":"https:\/\/www.brillen-kratzmann.de\/cms\/brillen\/#breadcrumb"},"inLanguage":"de","potentialAction":[{"@type":"ReadAction","target":["https:\/\/www.brillen-kratzmann.de\/cms\/brillen\/"]}]},{"@type":"BreadcrumbList","@id":"https:\/\/www.brillen-kratzmann.de\/cms\/brillen\/#breadcrumb","itemListElement":[{"@type":"ListItem","position":1,"name":"Startseite","item":"https:\/\/www.brillen-kratzmann.de\/cms\/"},{"@type":"ListItem","position":2,"name":"Brillen"}]},{"@type":"WebSite","@id":"https:\/\/www.brillen-kratzmann.de\/cms\/#website","url":"https:\/\/www.brillen-kratzmann.de\/cms\/","name":"Brillen Kratzmann","description":"Seit \u00fcber 70 Jahren i Ihr Fachgesch\u00e4ft f\u00fcr perfektes Sehen in Stuttgart","potentialAction":[{"@type":"SearchAction","target":{"@type":"EntryPoint","urlTemplate":"https:\/\/www.brillen-kratzmann.de\/cms\/?s={search_term_string}"},"query-input":{"@type":"PropertyValueSpecification","valueRequired":true,"valueName":"search_term_string"}}],"inLanguage":"de"}]}},"_links":{"self":[{"href":"https:\/\/www.brillen-kratzmann.de\/cms\/wp-json\/wp\/v2\/pages\/20","targetHints":{"allow":["GET"]}}],"collection":[{"href":"https:\/\/www.brillen-kratzmann.de\/cms\/wp-json\/wp\/v2\/pages"}],"about":[{"href":"https:\/\/www.brillen-kratzmann.de\/cms\/wp-json\/wp\/v2\/types\/page"}],"author":[{"embeddable":true,"href":"https:\/\/www.brillen-kratzmann.de\/cms\/wp-json\/wp\/v2\/users\/1"}],"replies":[{"embeddable":true,"href":"https:\/\/www.brillen-kratzmann.de\/cms\/wp-json\/wp\/v2\/comments?post=20"}],"version-history":[{"count":8,"href":"https:\/\/www.brillen-kratzmann.de\/cms\/wp-json\/wp\/v2\/pages\/20\/revisions"}],"predecessor-version":[{"id":399,"href":"https:\/\/www.brillen-kratzmann.de\/cms\/wp-json\/wp\/v2\/pages\/20\/revisions\/399"}],"wp:attachment":[{"href":"https:\/\/www.brillen-kratzmann.de\/cms\/wp-json\/wp\/v2\/media?parent=20"}],"curies":[{"name":"wp","href":"https:\/\/api.w.org\/{rel}","templated":true}]}}