{"id":22,"date":"2023-11-16T15:39:35","date_gmt":"2023-11-16T15:39:35","guid":{"rendered":"https:\/\/www.brillen-kratzmann.de\/cms-new\/?page_id=22"},"modified":"2023-12-21T18:05:10","modified_gmt":"2023-12-21T18:05:10","slug":"handelsware","status":"publish","type":"page","link":"https:\/\/www.brillen-kratzmann.de\/cms\/handelsware\/","title":{"rendered":"Handelsware"},"content":{"rendered":"<p>[et_pb_section fb_built=&#8220;1&#8243; next_background_color=&#8220;#ffffff&#8220; _builder_version=&#8220;4.23.1&#8243; _module_preset=&#8220;default&#8220; background_enable_color=&#8220;off&#8220; background_image=&#8220;https:\/\/www.brillen-kratzmann.de\/cms\/wp-content\/uploads\/2023\/12\/mann-und-lupe.jpg&#8220; min_height=&#8220;400px&#8220; custom_padding=&#8220;||56px|||&#8220; bottom_divider_style=&#8220;ramp2&#8243; bottom_divider_flip=&#8220;horizontal&#8220; global_colors_info=&#8220;{}&#8220;][et_pb_row _builder_version=&#8220;4.23.1&#8243; _module_preset=&#8220;default&#8220; custom_padding=&#8220;250px||1px||false|false&#8220; global_colors_info=&#8220;{}&#8220;][et_pb_column type=&#8220;4_4&#8243; _builder_version=&#8220;4.23.1&#8243; _module_preset=&#8220;default&#8220; global_colors_info=&#8220;{}&#8220;][et_pb_text _builder_version=&#8220;4.23.1&#8243; _module_preset=&#8220;default&#8220; text_text_color=&#8220;#000000&#8243; header_font=&#8220;||||||||&#8220; header_text_align=&#8220;right&#8220; header_text_color=&#8220;#000000&#8243; header_font_size=&#8220;46px&#8220; background_color=&#8220;rgba(255,255,255,0.71)&#8220; width=&#8220;48%&#8220; module_alignment=&#8220;right&#8220; global_colors_info=&#8220;{}&#8220;]<\/p>\n<h1>Ferngl\u00e4ser und Lupen<\/h1>\n<p>[\/et_pb_text][\/et_pb_column][\/et_pb_row][\/et_pb_section][et_pb_section fb_built=&#8220;1&#8243; specialty=&#8220;on&#8220; _builder_version=&#8220;4.23.1&#8243; _module_preset=&#8220;default&#8220; custom_padding=&#8220;||14px|||&#8220; global_colors_info=&#8220;{}&#8220;][et_pb_column type=&#8220;1_2&#8243; specialty_columns=&#8220;2&#8243; _builder_version=&#8220;4.16&#8243; custom_padding=&#8220;|||&#8220; global_colors_info=&#8220;{}&#8220; custom_padding__hover=&#8220;|||&#8220;][et_pb_row_inner column_structure=&#8220;1_2,1_2&#8243; _builder_version=&#8220;4.23.1&#8243; _module_preset=&#8220;default&#8220; global_colors_info=&#8220;{}&#8220;][et_pb_column_inner type=&#8220;1_2&#8243; saved_specialty_column_type=&#8220;1_2&#8243; _builder_version=&#8220;4.23.1&#8243; _module_preset=&#8220;default&#8220; global_colors_info=&#8220;{}&#8220;][et_pb_image src=&#8220;https:\/\/www.brillen-kratzmann.de\/cms\/wp-content\/uploads\/2023\/12\/fernglas.jpg&#8220; title_text=&#8220;fernglas&#8220; _builder_version=&#8220;4.23.1&#8243; _module_preset=&#8220;default&#8220; global_colors_info=&#8220;{}&#8220;][\/et_pb_image][et_pb_text _builder_version=&#8220;4.23.1&#8243; _module_preset=&#8220;default&#8220; text_font_size=&#8220;16px&#8220; global_colors_info=&#8220;{}&#8220;]<\/p>\n<p><strong>Ferngl\u00e4ser<\/strong> \u2013 wir haben Ferngl\u00e4ser f\u00fcr alle Anspr\u00fcche.<\/p>\n<p>Bei der Wahl des richtigen Fernglases kommt es vor allem auf die Beratung und den Service an.<span><\/span><\/p>\n<p>[\/et_pb_text][\/et_pb_column_inner][et_pb_column_inner type=&#8220;1_2&#8243; saved_specialty_column_type=&#8220;1_2&#8243; _builder_version=&#8220;4.23.1&#8243; _module_preset=&#8220;default&#8220; global_colors_info=&#8220;{}&#8220;][et_pb_image src=&#8220;https:\/\/www.brillen-kratzmann.de\/cms\/wp-content\/uploads\/2023\/12\/lupe.jpg&#8220; title_text=&#8220;lupe&#8220; _builder_version=&#8220;4.23.1&#8243; _module_preset=&#8220;default&#8220; global_colors_info=&#8220;{}&#8220;][\/et_pb_image][et_pb_text _builder_version=&#8220;4.23.1&#8243; _module_preset=&#8220;default&#8220; text_font_size=&#8220;16px&#8220; global_colors_info=&#8220;{}&#8220;]<\/p>\n<p>\u00a0<strong>Lupen<\/strong> \u2013 wenn kleines wichtig ist<\/p>\n<p>Lupen kommen zum Einsatz, wenn eine Vergr\u00f6\u00dferung f\u00fcr Sehaufgaben erforderlich ist. Dies kann im Freizeit- und Hobbybereich genauso wie im Beruf der Fall sein.<span>\u00a0<\/span><\/p>\n<p>[\/et_pb_text][\/et_pb_column_inner][\/et_pb_row_inner][\/et_pb_column][et_pb_column type=&#8220;1_2&#8243; _builder_version=&#8220;4.16&#8243; custom_padding=&#8220;|||&#8220; global_colors_info=&#8220;{}&#8220; custom_padding__hover=&#8220;|||&#8220;][et_pb_gallery _builder_version=&#8220;4.23.1&#8243; _module_preset=&#8220;default&#8220; gallery_ids=&#8220;350,413,414,415,416,417&#8243; hover_enabled=&#8220;0&#8243; sticky_enabled=&#8220;0&#8243; fullwidth=&#8220;on&#8220;][\/et_pb_gallery][\/et_pb_column][\/et_pb_section][et_pb_section fb_built=&#8220;1&#8243; _builder_version=&#8220;4.23.1&#8243; _module_preset=&#8220;default&#8220; custom_padding=&#8220;20px||14px|||&#8220; global_colors_info=&#8220;{}&#8220;][et_pb_row column_structure=&#8220;1_3,1_3,1_3&#8243; _builder_version=&#8220;4.23.1&#8243; _module_preset=&#8220;default&#8220; custom_padding=&#8220;5px|||||&#8220; global_colors_info=&#8220;{}&#8220;][et_pb_column type=&#8220;1_3&#8243; _builder_version=&#8220;4.23.1&#8243; _module_preset=&#8220;default&#8220; global_colors_info=&#8220;{}&#8220;][et_pb_image src=&#8220;https:\/\/www.brillen-kratzmann.de\/cms\/wp-content\/uploads\/2023\/12\/eschenbach.jpg&#8220; title_text=&#8220;Markenlogos&#8220; _builder_version=&#8220;4.23.1&#8243; _module_preset=&#8220;default&#8220; global_colors_info=&#8220;{}&#8220;][\/et_pb_image][\/et_pb_column][et_pb_column type=&#8220;1_3&#8243; _builder_version=&#8220;4.23.1&#8243; _module_preset=&#8220;default&#8220; global_colors_info=&#8220;{}&#8220;][et_pb_image src=&#8220;https:\/\/www.brillen-kratzmann.de\/cms\/wp-content\/uploads\/2023\/12\/zeiss.jpg&#8220; title_text=&#8220;Markenlogos&#8220; _builder_version=&#8220;4.23.1&#8243; _module_preset=&#8220;default&#8220; global_colors_info=&#8220;{}&#8220;][\/et_pb_image][\/et_pb_column][et_pb_column type=&#8220;1_3&#8243; _builder_version=&#8220;4.23.1&#8243; _module_preset=&#8220;default&#8220; global_colors_info=&#8220;{}&#8220;][et_pb_button button_url=&#8220;@ET-DC@eyJkeW5hbWljIjp0cnVlLCJjb250ZW50IjoicG9zdF9saW5rX3VybF9wYWdlIiwic2V0dGluZ3MiOnsicG9zdF9pZCI6IjE4In19@&#8220; button_text=&#8220;Zur\u00fcck zur Produkt\u00fcbersicht&#8220; button_alignment=&#8220;center&#8220; _builder_version=&#8220;4.23.1&#8243; _dynamic_attributes=&#8220;button_url&#8220; _module_preset=&#8220;default&#8220; custom_button=&#8220;on&#8220; button_text_color=&#8220;#FFFFFF&#8220; button_bg_color=&#8220;#E02B20&#8243; button_border_radius=&#8220;25px&#8220; button_letter_spacing=&#8220;2px&#8220; button_font=&#8220;|700|||||||&#8220; button_icon=&#8220;&#xe007;||divi||400&#8243; button_icon_color=&#8220;#FFFFFF&#8220; custom_margin=&#8220;6px||||false|false&#8220; locked=&#8220;off&#8220; global_colors_info=&#8220;{}&#8220;][\/et_pb_button][\/et_pb_column][\/et_pb_row][\/et_pb_section][et_pb_section fb_built=&#8220;1&#8243; prev_background_color=&#8220;#ffffff&#8220; _builder_version=&#8220;4.23.1&#8243; _module_preset=&#8220;default&#8220; background_image=&#8220;https:\/\/www.brillen-kratzmann.de\/cms\/wp-content\/uploads\/2023\/12\/Brillen-Kratzmann-8339.jpg&#8220; parallax=&#8220;on&#8220; min_height=&#8220;599px&#8220; custom_padding=&#8220;23px|||||&#8220; top_divider_style=&#8220;ramp2&#8243; global_colors_info=&#8220;{}&#8220;][\/et_pb_section]<\/p>\n","protected":false},"excerpt":{"rendered":"<p>Ferngl\u00e4ser und LupenFerngl\u00e4ser \u2013 wir haben Ferngl\u00e4ser f\u00fcr alle Anspr\u00fcche. Bei der Wahl des richtigen Fernglases kommt es vor allem auf die Beratung und den Service an.\u00a0Lupen \u2013 wenn kleines wichtig ist Lupen kommen zum Einsatz, wenn eine Vergr\u00f6\u00dferung f\u00fcr Sehaufgaben erforderlich ist. Dies kann im Freizeit- und Hobbybereich genauso wie im Beruf der Fall [&hellip;]<\/p>\n","protected":false},"author":1,"featured_media":0,"parent":0,"menu_order":0,"comment_status":"closed","ping_status":"closed","template":"","meta":{"_et_pb_use_builder":"on","_et_pb_old_content":"<!-- wp:divi\/placeholder \/-->","_et_gb_content_width":"","footnotes":""},"class_list":["post-22","page","type-page","status-publish","hentry"],"yoast_head":"<!-- This site is optimized with the Yoast SEO plugin v24.8.1 - https:\/\/yoast.com\/wordpress\/plugins\/seo\/ -->\n<title>Handelsware - Brillen Kratzmann<\/title>\n<meta name=\"robots\" content=\"index, follow, max-snippet:-1, max-image-preview:large, max-video-preview:-1\" \/>\n<link rel=\"canonical\" href=\"https:\/\/www.brillen-kratzmann.de\/cms\/handelsware\/\" \/>\n<meta property=\"og:locale\" content=\"de_DE\" \/>\n<meta property=\"og:type\" content=\"article\" \/>\n<meta property=\"og:title\" content=\"Handelsware - Brillen Kratzmann\" \/>\n<meta property=\"og:description\" content=\"Ferngl\u00e4ser und LupenFerngl\u00e4ser \u2013 wir haben Ferngl\u00e4ser f\u00fcr alle Anspr\u00fcche. Bei der Wahl des richtigen Fernglases kommt es vor allem auf die Beratung und den Service an.\u00a0Lupen \u2013 wenn kleines wichtig ist Lupen kommen zum Einsatz, wenn eine Vergr\u00f6\u00dferung f\u00fcr Sehaufgaben erforderlich ist. Dies kann im Freizeit- und Hobbybereich genauso wie im Beruf der Fall [&hellip;]\" \/>\n<meta property=\"og:url\" content=\"https:\/\/www.brillen-kratzmann.de\/cms\/handelsware\/\" \/>\n<meta property=\"og:site_name\" content=\"Brillen Kratzmann\" \/>\n<meta property=\"article:modified_time\" content=\"2023-12-21T18:05:10+00:00\" \/>\n<meta name=\"twitter:card\" content=\"summary_large_image\" \/>\n<script type=\"application\/ld+json\" class=\"yoast-schema-graph\">{\"@context\":\"https:\/\/schema.org\",\"@graph\":[{\"@type\":\"WebPage\",\"@id\":\"https:\/\/www.brillen-kratzmann.de\/cms\/handelsware\/\",\"url\":\"https:\/\/www.brillen-kratzmann.de\/cms\/handelsware\/\",\"name\":\"Handelsware - Brillen Kratzmann\",\"isPartOf\":{\"@id\":\"https:\/\/www.brillen-kratzmann.de\/cms\/#website\"},\"datePublished\":\"2023-11-16T15:39:35+00:00\",\"dateModified\":\"2023-12-21T18:05:10+00:00\",\"breadcrumb\":{\"@id\":\"https:\/\/www.brillen-kratzmann.de\/cms\/handelsware\/#breadcrumb\"},\"inLanguage\":\"de\",\"potentialAction\":[{\"@type\":\"ReadAction\",\"target\":[\"https:\/\/www.brillen-kratzmann.de\/cms\/handelsware\/\"]}]},{\"@type\":\"BreadcrumbList\",\"@id\":\"https:\/\/www.brillen-kratzmann.de\/cms\/handelsware\/#breadcrumb\",\"itemListElement\":[{\"@type\":\"ListItem\",\"position\":1,\"name\":\"Startseite\",\"item\":\"https:\/\/www.brillen-kratzmann.de\/cms\/\"},{\"@type\":\"ListItem\",\"position\":2,\"name\":\"Handelsware\"}]},{\"@type\":\"WebSite\",\"@id\":\"https:\/\/www.brillen-kratzmann.de\/cms\/#website\",\"url\":\"https:\/\/www.brillen-kratzmann.de\/cms\/\",\"name\":\"Brillen Kratzmann\",\"description\":\"Seit \u00fcber 70 Jahren i Ihr Fachgesch\u00e4ft f\u00fcr perfektes Sehen in Stuttgart\",\"potentialAction\":[{\"@type\":\"SearchAction\",\"target\":{\"@type\":\"EntryPoint\",\"urlTemplate\":\"https:\/\/www.brillen-kratzmann.de\/cms\/?s={search_term_string}\"},\"query-input\":{\"@type\":\"PropertyValueSpecification\",\"valueRequired\":true,\"valueName\":\"search_term_string\"}}],\"inLanguage\":\"de\"}]}<\/script>\n<!-- \/ Yoast SEO plugin. -->","yoast_head_json":{"title":"Handelsware - Brillen Kratzmann","robots":{"index":"index","follow":"follow","max-snippet":"max-snippet:-1","max-image-preview":"max-image-preview:large","max-video-preview":"max-video-preview:-1"},"canonical":"https:\/\/www.brillen-kratzmann.de\/cms\/handelsware\/","og_locale":"de_DE","og_type":"article","og_title":"Handelsware - Brillen Kratzmann","og_description":"Ferngl\u00e4ser und LupenFerngl\u00e4ser \u2013 wir haben Ferngl\u00e4ser f\u00fcr alle Anspr\u00fcche. Bei der Wahl des richtigen Fernglases kommt es vor allem auf die Beratung und den Service an.\u00a0Lupen \u2013 wenn kleines wichtig ist Lupen kommen zum Einsatz, wenn eine Vergr\u00f6\u00dferung f\u00fcr Sehaufgaben erforderlich ist. Dies kann im Freizeit- und Hobbybereich genauso wie im Beruf der Fall [&hellip;]","og_url":"https:\/\/www.brillen-kratzmann.de\/cms\/handelsware\/","og_site_name":"Brillen Kratzmann","article_modified_time":"2023-12-21T18:05:10+00:00","twitter_card":"summary_large_image","schema":{"@context":"https:\/\/schema.org","@graph":[{"@type":"WebPage","@id":"https:\/\/www.brillen-kratzmann.de\/cms\/handelsware\/","url":"https:\/\/www.brillen-kratzmann.de\/cms\/handelsware\/","name":"Handelsware - Brillen Kratzmann","isPartOf":{"@id":"https:\/\/www.brillen-kratzmann.de\/cms\/#website"},"datePublished":"2023-11-16T15:39:35+00:00","dateModified":"2023-12-21T18:05:10+00:00","breadcrumb":{"@id":"https:\/\/www.brillen-kratzmann.de\/cms\/handelsware\/#breadcrumb"},"inLanguage":"de","potentialAction":[{"@type":"ReadAction","target":["https:\/\/www.brillen-kratzmann.de\/cms\/handelsware\/"]}]},{"@type":"BreadcrumbList","@id":"https:\/\/www.brillen-kratzmann.de\/cms\/handelsware\/#breadcrumb","itemListElement":[{"@type":"ListItem","position":1,"name":"Startseite","item":"https:\/\/www.brillen-kratzmann.de\/cms\/"},{"@type":"ListItem","position":2,"name":"Handelsware"}]},{"@type":"WebSite","@id":"https:\/\/www.brillen-kratzmann.de\/cms\/#website","url":"https:\/\/www.brillen-kratzmann.de\/cms\/","name":"Brillen Kratzmann","description":"Seit \u00fcber 70 Jahren i Ihr Fachgesch\u00e4ft f\u00fcr perfektes Sehen in Stuttgart","potentialAction":[{"@type":"SearchAction","target":{"@type":"EntryPoint","urlTemplate":"https:\/\/www.brillen-kratzmann.de\/cms\/?s={search_term_string}"},"query-input":{"@type":"PropertyValueSpecification","valueRequired":true,"valueName":"search_term_string"}}],"inLanguage":"de"}]}},"_links":{"self":[{"href":"https:\/\/www.brillen-kratzmann.de\/cms\/wp-json\/wp\/v2\/pages\/22","targetHints":{"allow":["GET"]}}],"collection":[{"href":"https:\/\/www.brillen-kratzmann.de\/cms\/wp-json\/wp\/v2\/pages"}],"about":[{"href":"https:\/\/www.brillen-kratzmann.de\/cms\/wp-json\/wp\/v2\/types\/page"}],"author":[{"embeddable":true,"href":"https:\/\/www.brillen-kratzmann.de\/cms\/wp-json\/wp\/v2\/users\/1"}],"replies":[{"embeddable":true,"href":"https:\/\/www.brillen-kratzmann.de\/cms\/wp-json\/wp\/v2\/comments?post=22"}],"version-history":[{"count":8,"href":"https:\/\/www.brillen-kratzmann.de\/cms\/wp-json\/wp\/v2\/pages\/22\/revisions"}],"predecessor-version":[{"id":418,"href":"https:\/\/www.brillen-kratzmann.de\/cms\/wp-json\/wp\/v2\/pages\/22\/revisions\/418"}],"wp:attachment":[{"href":"https:\/\/www.brillen-kratzmann.de\/cms\/wp-json\/wp\/v2\/media?parent=22"}],"curies":[{"name":"wp","href":"https:\/\/api.w.org\/{rel}","templated":true}]}}