{"id":24,"date":"2023-11-16T15:40:12","date_gmt":"2023-11-16T15:40:12","guid":{"rendered":"https:\/\/www.brillen-kratzmann.de\/cms-new\/?page_id=24"},"modified":"2023-12-21T17:33:16","modified_gmt":"2023-12-21T17:33:16","slug":"kontaktlinsen","status":"publish","type":"page","link":"https:\/\/www.brillen-kratzmann.de\/cms\/kontaktlinsen\/","title":{"rendered":"Kontaktlinsen"},"content":{"rendered":"<p>[et_pb_section fb_built=&#8220;1&#8243; next_background_color=&#8220;#ffffff&#8220; _builder_version=&#8220;4.23.1&#8243; _module_preset=&#8220;default&#8220; background_enable_color=&#8220;off&#8220; background_image=&#8220;https:\/\/www.brillen-kratzmann.de\/cms\/wp-content\/uploads\/2023\/12\/face-4981573_1280.jpg&#8220; background_position=&#8220;top_center&#8220; background_vertical_offset=&#8220;18%&#8220; min_height=&#8220;400px&#8220; custom_padding=&#8220;||56px|||&#8220; bottom_divider_style=&#8220;slant2&#8243; bottom_divider_flip=&#8220;horizontal&#8220; global_colors_info=&#8220;{}&#8220;][et_pb_row _builder_version=&#8220;4.23.1&#8243; _module_preset=&#8220;default&#8220; custom_padding=&#8220;250px||1px||false|false&#8220; global_colors_info=&#8220;{}&#8220;][et_pb_column type=&#8220;4_4&#8243; _builder_version=&#8220;4.23.1&#8243; _module_preset=&#8220;default&#8220; global_colors_info=&#8220;{}&#8220;][et_pb_text _builder_version=&#8220;4.23.1&#8243; _module_preset=&#8220;default&#8220; text_text_color=&#8220;#000000&#8243; header_text_color=&#8220;#000000&#8243; header_font_size=&#8220;46px&#8220; global_colors_info=&#8220;{}&#8220;]<\/p>\n<h1>Kontaktlinsen<\/h1>\n<p>[\/et_pb_text][\/et_pb_column][\/et_pb_row][\/et_pb_section][et_pb_section fb_built=&#8220;1&#8243; _builder_version=&#8220;4.23.1&#8243; _module_preset=&#8220;default&#8220; custom_padding=&#8220;||11px|||&#8220; global_colors_info=&#8220;{}&#8220;][et_pb_row column_structure=&#8220;1_2,1_2&#8243; _builder_version=&#8220;4.23.1&#8243; _module_preset=&#8220;default&#8220; custom_padding=&#8220;||31px|||&#8220; global_colors_info=&#8220;{}&#8220;][et_pb_column type=&#8220;1_2&#8243; _builder_version=&#8220;4.23.1&#8243; _module_preset=&#8220;default&#8220; global_colors_info=&#8220;{}&#8220;][et_pb_text _builder_version=&#8220;4.23.1&#8243; _module_preset=&#8220;default&#8220; text_font_size=&#8220;16px&#8220; global_colors_info=&#8220;{}&#8220;]<\/p>\n<p>Wir alle haben unterschiedliche Augen.<\/p>\n<p lang=\"de-DE\">Diese unterscheiden sich nicht nur in der Farbe und Gr\u00f6sse sondern auch in der W\u00f6lbung und der Sehleistung.<\/p>\n<p lang=\"de-DE\">Deswegen ist es wichtig, dass Sie Kontaktlinsen tragen, welche perfekt auf Ihre Augen abgestimmt sind.<\/p>\n<div class=\"et_pb_blurb_description\"><\/div>\n<p>[\/et_pb_text][et_pb_gallery gallery_ids=&#8220;362,361&#8243; show_title_and_caption=&#8220;off&#8220; show_pagination=&#8220;off&#8220; _builder_version=&#8220;4.23.1&#8243; _module_preset=&#8220;default&#8220; global_colors_info=&#8220;{}&#8220;][\/et_pb_gallery][\/et_pb_column][et_pb_column type=&#8220;1_2&#8243; _builder_version=&#8220;4.23.1&#8243; _module_preset=&#8220;default&#8220; global_colors_info=&#8220;{}&#8220;][et_pb_image src=&#8220;https:\/\/www.brillen-kratzmann.de\/cms\/wp-content\/uploads\/2023\/12\/kontaktlinse3.png&#8220; title_text=&#8220;kontaktlinse3&#8243; force_fullwidth=&#8220;on&#8220; _builder_version=&#8220;4.23.1&#8243; _module_preset=&#8220;default&#8220; global_colors_info=&#8220;{}&#8220;][\/et_pb_image][\/et_pb_column][\/et_pb_row][et_pb_row _builder_version=&#8220;4.23.1&#8243; _module_preset=&#8220;default&#8220; global_colors_info=&#8220;{}&#8220;][et_pb_column type=&#8220;4_4&#8243; _builder_version=&#8220;4.23.1&#8243; _module_preset=&#8220;default&#8220; global_colors_info=&#8220;{}&#8220;][et_pb_text _builder_version=&#8220;4.23.1&#8243; _module_preset=&#8220;default&#8220; text_font_size=&#8220;16px&#8220; text_letter_spacing=&#8220;1px&#8220; global_colors_info=&#8220;{}&#8220;]<\/p>\n<p><strong>Bei der Auswahl von Kontaktlinsen gibt es einige wichtige Dinge zu beachten:<\/strong><\/p>\n<p><span> Zun\u00e4chst einmal ist es wichtig, dass Sie eine professionelle Augenuntersuchung durchf\u00fchren lassen, um die genaue St\u00e4rke und Art der Kontaktlinsen zu bestimmen, die f\u00fcr Sie am besten geeignet sind.<\/span><\/p>\n<p><span>Ebenso ist es wichtig, die richtige Gr\u00f6\u00dfe und Passform der Kontaktlinsen zu w\u00e4hlen, um einen optimalen Tragekomfort zu gew\u00e4hrleisten. Dar\u00fcber hinaus sollten Sie auch die Art der Kontaktlinsen ber\u00fccksichtigen, ob es sich um Tageslinsen, Monatslinsen oder spezielle Linsen f\u00fcr bestimmte Augenprobleme handelt. <\/span><\/p>\n<p><span>Die richtige Pflege und Reinigung der Kontaktlinsen unters\u00fctzt ma\u00dfgeblich darin, Infektionen oder andere Probleme zu vermeiden. <\/span><\/p>\n<p><span>Daher ist es ratsam, sich von einem Fachmann beraten zu lassen, um sicherzustellen, dass Sie die f\u00fcr Sie passenden und richtigen Kontaktlinsen f\u00fcr deine individuellen Bed\u00fcrfnisse ausw\u00e4hlen<\/span><span>.<\/span><\/p>\n<p>Bei all diesen Fragen unterst\u00fctzen und beraten wir Sie gerne. Wir sind f\u00fcr Sie da.<\/p>\n<p>[\/et_pb_text][et_pb_button button_url=&#8220;@ET-DC@eyJkeW5hbWljIjp0cnVlLCJjb250ZW50IjoicG9zdF9saW5rX3VybF9wYWdlIiwic2V0dGluZ3MiOnsicG9zdF9pZCI6IjE4In19@&#8220; button_text=&#8220;Zur\u00fcck zur Produkt\u00fcbersicht&#8220; button_alignment=&#8220;center&#8220; _builder_version=&#8220;4.23.1&#8243; _dynamic_attributes=&#8220;button_url&#8220; _module_preset=&#8220;default&#8220; custom_button=&#8220;on&#8220; button_text_color=&#8220;#FFFFFF&#8220; button_bg_color=&#8220;#E02B20&#8243; button_border_radius=&#8220;25px&#8220; button_letter_spacing=&#8220;2px&#8220; button_font=&#8220;|700|||||||&#8220; button_icon=&#8220;&#xe007;||divi||400&#8243; button_icon_color=&#8220;#FFFFFF&#8220; custom_margin=&#8220;100px||||false|false&#8220; locked=&#8220;off&#8220; global_colors_info=&#8220;{}&#8220;][\/et_pb_button][\/et_pb_column][\/et_pb_row][\/et_pb_section][et_pb_section fb_built=&#8220;1&#8243; theme_builder_area=&#8220;post_content&#8220; _builder_version=&#8220;4.23.1&#8243; _module_preset=&#8220;default&#8220; custom_padding=&#8220;12px||2px|||&#8220;][et_pb_row _builder_version=&#8220;4.23.1&#8243; _module_preset=&#8220;default&#8220; column_structure=&#8220;1_3,1_3,1_3&#8243; theme_builder_area=&#8220;post_content&#8220;][et_pb_column _builder_version=&#8220;4.23.1&#8243; _module_preset=&#8220;default&#8220; type=&#8220;1_3&#8243; theme_builder_area=&#8220;post_content&#8220;][et_pb_image src=&#8220;https:\/\/www.brillen-kratzmann.de\/cms\/wp-content\/uploads\/2023\/12\/basuch-und-lomb.jpg&#8220; _builder_version=&#8220;4.23.1&#8243; _module_preset=&#8220;default&#8220; theme_builder_area=&#8220;post_content&#8220; title_text=&#8220;Markenlogos&#8220; hover_enabled=&#8220;0&#8243; sticky_enabled=&#8220;0&#8243;][\/et_pb_image][\/et_pb_column][et_pb_column _builder_version=&#8220;4.23.1&#8243; _module_preset=&#8220;default&#8220; type=&#8220;1_3&#8243; theme_builder_area=&#8220;post_content&#8220;][et_pb_image src=&#8220;https:\/\/www.brillen-kratzmann.de\/cms\/wp-content\/uploads\/2023\/12\/coopervision.jpg&#8220; _builder_version=&#8220;4.23.1&#8243; _module_preset=&#8220;default&#8220; theme_builder_area=&#8220;post_content&#8220; title_text=&#8220;Markenlogos&#8220; hover_enabled=&#8220;0&#8243; sticky_enabled=&#8220;0&#8243;][\/et_pb_image][\/et_pb_column][et_pb_column _builder_version=&#8220;4.23.1&#8243; _module_preset=&#8220;default&#8220; type=&#8220;1_3&#8243; theme_builder_area=&#8220;post_content&#8220;][et_pb_image src=&#8220;https:\/\/www.brillen-kratzmann.de\/cms\/wp-content\/uploads\/2023\/12\/alcon.jpg&#8220; _builder_version=&#8220;4.23.1&#8243; _module_preset=&#8220;default&#8220; theme_builder_area=&#8220;post_content&#8220; title_text=&#8220;Markenlogos&#8220; hover_enabled=&#8220;0&#8243; sticky_enabled=&#8220;0&#8243;][\/et_pb_image][\/et_pb_column][\/et_pb_row][\/et_pb_section][et_pb_section fb_built=&#8220;1&#8243; prev_background_color=&#8220;#ffffff&#8220; _builder_version=&#8220;4.23.1&#8243; _module_preset=&#8220;default&#8220; background_image=&#8220;https:\/\/www.brillen-kratzmann.de\/cms\/wp-content\/uploads\/2023\/12\/Brillen-Kratzmann-8339.jpg&#8220; min_height=&#8220;489px&#8220; custom_padding=&#8220;22px|||||&#8220; top_divider_style=&#8220;slant2&#8243; global_colors_info=&#8220;{}&#8220;][\/et_pb_section]<\/p>\n","protected":false},"excerpt":{"rendered":"<p>KontaktlinsenWir alle haben unterschiedliche Augen. Diese unterscheiden sich nicht nur in der Farbe und Gr\u00f6sse sondern auch in der W\u00f6lbung und der Sehleistung. Deswegen ist es wichtig, dass Sie Kontaktlinsen tragen, welche perfekt auf Ihre Augen abgestimmt sind. Bei der Auswahl von Kontaktlinsen gibt es einige wichtige Dinge zu beachten: Zun\u00e4chst einmal ist es wichtig, [&hellip;]<\/p>\n","protected":false},"author":1,"featured_media":0,"parent":0,"menu_order":0,"comment_status":"closed","ping_status":"closed","template":"","meta":{"_et_pb_use_builder":"on","_et_pb_old_content":"<!-- wp:divi\/placeholder \/-->","_et_gb_content_width":"","footnotes":""},"class_list":["post-24","page","type-page","status-publish","hentry"],"yoast_head":"<!-- This site is optimized with the Yoast SEO plugin v24.8.1 - https:\/\/yoast.com\/wordpress\/plugins\/seo\/ -->\n<title>Kontaktlinsen - Brillen Kratzmann<\/title>\n<meta name=\"robots\" content=\"index, follow, max-snippet:-1, max-image-preview:large, max-video-preview:-1\" \/>\n<link rel=\"canonical\" href=\"https:\/\/www.brillen-kratzmann.de\/cms\/kontaktlinsen\/\" \/>\n<meta property=\"og:locale\" content=\"de_DE\" \/>\n<meta property=\"og:type\" content=\"article\" \/>\n<meta property=\"og:title\" content=\"Kontaktlinsen - Brillen Kratzmann\" \/>\n<meta property=\"og:description\" content=\"KontaktlinsenWir alle haben unterschiedliche Augen. Diese unterscheiden sich nicht nur in der Farbe und Gr\u00f6sse sondern auch in der W\u00f6lbung und der Sehleistung. Deswegen ist es wichtig, dass Sie Kontaktlinsen tragen, welche perfekt auf Ihre Augen abgestimmt sind. Bei der Auswahl von Kontaktlinsen gibt es einige wichtige Dinge zu beachten: Zun\u00e4chst einmal ist es wichtig, [&hellip;]\" \/>\n<meta property=\"og:url\" content=\"https:\/\/www.brillen-kratzmann.de\/cms\/kontaktlinsen\/\" \/>\n<meta property=\"og:site_name\" content=\"Brillen Kratzmann\" \/>\n<meta property=\"article:modified_time\" content=\"2023-12-21T17:33:16+00:00\" \/>\n<meta name=\"twitter:card\" content=\"summary_large_image\" \/>\n<script type=\"application\/ld+json\" class=\"yoast-schema-graph\">{\"@context\":\"https:\/\/schema.org\",\"@graph\":[{\"@type\":\"WebPage\",\"@id\":\"https:\/\/www.brillen-kratzmann.de\/cms\/kontaktlinsen\/\",\"url\":\"https:\/\/www.brillen-kratzmann.de\/cms\/kontaktlinsen\/\",\"name\":\"Kontaktlinsen - Brillen Kratzmann\",\"isPartOf\":{\"@id\":\"https:\/\/www.brillen-kratzmann.de\/cms\/#website\"},\"datePublished\":\"2023-11-16T15:40:12+00:00\",\"dateModified\":\"2023-12-21T17:33:16+00:00\",\"breadcrumb\":{\"@id\":\"https:\/\/www.brillen-kratzmann.de\/cms\/kontaktlinsen\/#breadcrumb\"},\"inLanguage\":\"de\",\"potentialAction\":[{\"@type\":\"ReadAction\",\"target\":[\"https:\/\/www.brillen-kratzmann.de\/cms\/kontaktlinsen\/\"]}]},{\"@type\":\"BreadcrumbList\",\"@id\":\"https:\/\/www.brillen-kratzmann.de\/cms\/kontaktlinsen\/#breadcrumb\",\"itemListElement\":[{\"@type\":\"ListItem\",\"position\":1,\"name\":\"Startseite\",\"item\":\"https:\/\/www.brillen-kratzmann.de\/cms\/\"},{\"@type\":\"ListItem\",\"position\":2,\"name\":\"Kontaktlinsen\"}]},{\"@type\":\"WebSite\",\"@id\":\"https:\/\/www.brillen-kratzmann.de\/cms\/#website\",\"url\":\"https:\/\/www.brillen-kratzmann.de\/cms\/\",\"name\":\"Brillen Kratzmann\",\"description\":\"Seit \u00fcber 70 Jahren i Ihr Fachgesch\u00e4ft f\u00fcr perfektes Sehen in Stuttgart\",\"potentialAction\":[{\"@type\":\"SearchAction\",\"target\":{\"@type\":\"EntryPoint\",\"urlTemplate\":\"https:\/\/www.brillen-kratzmann.de\/cms\/?s={search_term_string}\"},\"query-input\":{\"@type\":\"PropertyValueSpecification\",\"valueRequired\":true,\"valueName\":\"search_term_string\"}}],\"inLanguage\":\"de\"}]}<\/script>\n<!-- \/ Yoast SEO plugin. -->","yoast_head_json":{"title":"Kontaktlinsen - Brillen Kratzmann","robots":{"index":"index","follow":"follow","max-snippet":"max-snippet:-1","max-image-preview":"max-image-preview:large","max-video-preview":"max-video-preview:-1"},"canonical":"https:\/\/www.brillen-kratzmann.de\/cms\/kontaktlinsen\/","og_locale":"de_DE","og_type":"article","og_title":"Kontaktlinsen - Brillen Kratzmann","og_description":"KontaktlinsenWir alle haben unterschiedliche Augen. Diese unterscheiden sich nicht nur in der Farbe und Gr\u00f6sse sondern auch in der W\u00f6lbung und der Sehleistung. Deswegen ist es wichtig, dass Sie Kontaktlinsen tragen, welche perfekt auf Ihre Augen abgestimmt sind. Bei der Auswahl von Kontaktlinsen gibt es einige wichtige Dinge zu beachten: Zun\u00e4chst einmal ist es wichtig, [&hellip;]","og_url":"https:\/\/www.brillen-kratzmann.de\/cms\/kontaktlinsen\/","og_site_name":"Brillen Kratzmann","article_modified_time":"2023-12-21T17:33:16+00:00","twitter_card":"summary_large_image","schema":{"@context":"https:\/\/schema.org","@graph":[{"@type":"WebPage","@id":"https:\/\/www.brillen-kratzmann.de\/cms\/kontaktlinsen\/","url":"https:\/\/www.brillen-kratzmann.de\/cms\/kontaktlinsen\/","name":"Kontaktlinsen - Brillen Kratzmann","isPartOf":{"@id":"https:\/\/www.brillen-kratzmann.de\/cms\/#website"},"datePublished":"2023-11-16T15:40:12+00:00","dateModified":"2023-12-21T17:33:16+00:00","breadcrumb":{"@id":"https:\/\/www.brillen-kratzmann.de\/cms\/kontaktlinsen\/#breadcrumb"},"inLanguage":"de","potentialAction":[{"@type":"ReadAction","target":["https:\/\/www.brillen-kratzmann.de\/cms\/kontaktlinsen\/"]}]},{"@type":"BreadcrumbList","@id":"https:\/\/www.brillen-kratzmann.de\/cms\/kontaktlinsen\/#breadcrumb","itemListElement":[{"@type":"ListItem","position":1,"name":"Startseite","item":"https:\/\/www.brillen-kratzmann.de\/cms\/"},{"@type":"ListItem","position":2,"name":"Kontaktlinsen"}]},{"@type":"WebSite","@id":"https:\/\/www.brillen-kratzmann.de\/cms\/#website","url":"https:\/\/www.brillen-kratzmann.de\/cms\/","name":"Brillen Kratzmann","description":"Seit \u00fcber 70 Jahren i Ihr Fachgesch\u00e4ft f\u00fcr perfektes Sehen in Stuttgart","potentialAction":[{"@type":"SearchAction","target":{"@type":"EntryPoint","urlTemplate":"https:\/\/www.brillen-kratzmann.de\/cms\/?s={search_term_string}"},"query-input":{"@type":"PropertyValueSpecification","valueRequired":true,"valueName":"search_term_string"}}],"inLanguage":"de"}]}},"_links":{"self":[{"href":"https:\/\/www.brillen-kratzmann.de\/cms\/wp-json\/wp\/v2\/pages\/24","targetHints":{"allow":["GET"]}}],"collection":[{"href":"https:\/\/www.brillen-kratzmann.de\/cms\/wp-json\/wp\/v2\/pages"}],"about":[{"href":"https:\/\/www.brillen-kratzmann.de\/cms\/wp-json\/wp\/v2\/types\/page"}],"author":[{"embeddable":true,"href":"https:\/\/www.brillen-kratzmann.de\/cms\/wp-json\/wp\/v2\/users\/1"}],"replies":[{"embeddable":true,"href":"https:\/\/www.brillen-kratzmann.de\/cms\/wp-json\/wp\/v2\/comments?post=24"}],"version-history":[{"count":9,"href":"https:\/\/www.brillen-kratzmann.de\/cms\/wp-json\/wp\/v2\/pages\/24\/revisions"}],"predecessor-version":[{"id":404,"href":"https:\/\/www.brillen-kratzmann.de\/cms\/wp-json\/wp\/v2\/pages\/24\/revisions\/404"}],"wp:attachment":[{"href":"https:\/\/www.brillen-kratzmann.de\/cms\/wp-json\/wp\/v2\/media?parent=24"}],"curies":[{"name":"wp","href":"https:\/\/api.w.org\/{rel}","templated":true}]}}