{"id":29,"date":"2023-11-16T15:50:54","date_gmt":"2023-11-16T15:50:54","guid":{"rendered":"https:\/\/www.brillen-kratzmann.de\/cms-new\/?page_id=29"},"modified":"2025-01-04T10:34:11","modified_gmt":"2025-01-04T10:34:11","slug":"kontakt","status":"publish","type":"page","link":"https:\/\/www.brillen-kratzmann.de\/cms\/kontakt\/","title":{"rendered":"Kontakt"},"content":{"rendered":"<p>[et_pb_section fb_built=&#8220;1&#8243; custom_padding_last_edited=&#8220;on|phone&#8220; _builder_version=&#8220;4.23.1&#8243; _module_preset=&#8220;default&#8220; background_enable_color=&#8220;off&#8220; background_image=&#8220;https:\/\/www.brillen-kratzmann.de\/cms\/wp-content\/uploads\/2023\/11\/brillenkratzmann_403.jpeg&#8220; background_size=&#8220;custom&#8220; background_image_width=&#8220;100%&#8220; background_position=&#8220;top_left&#8220; background_vertical_offset=&#8220;27%&#8220; custom_margin=&#8220;||||false|false&#8220; custom_padding=&#8220;300px||||false|false&#8220; custom_padding_tablet=&#8220;300px||||false|false&#8220; custom_padding_phone=&#8220;50px||||false|false&#8220; bottom_divider_style=&#8220;curve&#8220; bottom_divider_color=&#8220;#FFFFFF&#8220; bottom_divider_flip=&#8220;horizontal&#8220; global_colors_info=&#8220;{}&#8220;][et_pb_row _builder_version=&#8220;4.23.1&#8243; _module_preset=&#8220;default&#8220; custom_margin=&#8220;||||false|false&#8220; global_colors_info=&#8220;{}&#8220;][et_pb_column type=&#8220;4_4&#8243; _builder_version=&#8220;4.23.1&#8243; _module_preset=&#8220;default&#8220; global_colors_info=&#8220;{}&#8220;][et_pb_text _builder_version=&#8220;4.23.1&#8243; _module_preset=&#8220;default&#8220; text_text_color=&#8220;#FFFFFF&#8220; text_font_size=&#8220;28px&#8220; header_font=&#8220;|700|||||||&#8220; header_text_color=&#8220;#FFFFFF&#8220; header_font_size=&#8220;55px&#8220; header_letter_spacing=&#8220;11px&#8220; header_text_shadow_style=&#8220;preset1&#8243; global_colors_info=&#8220;{}&#8220;]<\/p>\n<h1>Kontakt<\/h1>\n<p>So erreichen Sie uns.<\/p>\n<p>[\/et_pb_text][\/et_pb_column][\/et_pb_row][\/et_pb_section][et_pb_section fb_built=&#8220;1&#8243; specialty=&#8220;on&#8220; _builder_version=&#8220;4.23.1&#8243; _module_preset=&#8220;default&#8220; global_colors_info=&#8220;{}&#8220;][et_pb_column type=&#8220;2_3&#8243; specialty_columns=&#8220;2&#8243; _builder_version=&#8220;4.16&#8243; custom_padding=&#8220;|||&#8220; global_colors_info=&#8220;{}&#8220; custom_padding__hover=&#8220;|||&#8220;][et_pb_row_inner column_structure=&#8220;1_2,1_2&#8243; _builder_version=&#8220;4.23.1&#8243; _module_preset=&#8220;default&#8220; global_colors_info=&#8220;{}&#8220;][et_pb_column_inner type=&#8220;1_2&#8243; saved_specialty_column_type=&#8220;2_3&#8243; _builder_version=&#8220;4.23.1&#8243; _module_preset=&#8220;default&#8220; global_colors_info=&#8220;{}&#8220;][et_pb_blurb title=&#8220;\u00d6ffnungszeiten&#8220; use_icon=&#8220;on&#8220; font_icon=&#8220;&#x7d;||divi||400&#8243; icon_color=&#8220;#E02B20&#8243; icon_placement=&#8220;left&#8220; image_icon_width=&#8220;60px&#8220; _builder_version=&#8220;4.23.1&#8243; _module_preset=&#8220;default&#8220; global_colors_info=&#8220;{}&#8220;]<\/p>\n<p><span>Di \u2013 Sa: 10:00 \u2013 18:00<\/span><\/p>\n<p><span>Montag geschlossen<\/span><\/p>\n<p>[\/et_pb_blurb][\/et_pb_column_inner][et_pb_column_inner type=&#8220;1_2&#8243; saved_specialty_column_type=&#8220;2_3&#8243; _builder_version=&#8220;4.23.1&#8243; _module_preset=&#8220;default&#8220; global_colors_info=&#8220;{}&#8220;][et_pb_blurb title=&#8220;Anschrift&#8220; use_icon=&#8220;on&#8220; font_icon=&#8220;&#xf015;||fa||900&#8243; icon_color=&#8220;#E02B20&#8243; icon_placement=&#8220;left&#8220; image_icon_width=&#8220;60px&#8220; _builder_version=&#8220;4.23.1&#8243; _module_preset=&#8220;default&#8220; global_colors_info=&#8220;{}&#8220;]<\/p>\n<p><span>Brillen Kratzmann<\/span><br \/><span>Inh. Martin Locher (e.K.)<\/span><br \/><span>K\u00f6nigstr.22<\/span><br \/><span>70173 Stuttgart<\/span><\/p>\n<p>[\/et_pb_blurb][\/et_pb_column_inner][\/et_pb_row_inner][et_pb_row_inner column_structure=&#8220;1_2,1_2&#8243; _builder_version=&#8220;4.23.1&#8243; _module_preset=&#8220;default&#8220; custom_padding=&#8220;||6px|||&#8220; global_colors_info=&#8220;{}&#8220;][et_pb_column_inner type=&#8220;1_2&#8243; saved_specialty_column_type=&#8220;2_3&#8243; _builder_version=&#8220;4.23.1&#8243; _module_preset=&#8220;default&#8220; global_colors_info=&#8220;{}&#8220;][et_pb_blurb title=&#8220;Telefon&#8220; use_icon=&#8220;on&#8220; font_icon=&#8220;&#xe090;||divi||400&#8243; icon_color=&#8220;#E02B20&#8243; icon_placement=&#8220;left&#8220; image_icon_width=&#8220;60px&#8220; _builder_version=&#8220;4.23.1&#8243; _module_preset=&#8220;default&#8220; body_link_text_color=&#8220;#000000&#8243; body_link_font_size=&#8220;20px&#8220; global_colors_info=&#8220;{}&#8220;]<\/p>\n<p><a href=\"tel:\/\/+49711292919\" title=\"Telefonnummer\">Tel: +49 (0) 711 \/ 292919<\/a><\/p>\n<p>[\/et_pb_blurb][et_pb_blurb title=&#8220;Fax&#8220; use_icon=&#8220;on&#8220; font_icon=&#8220;&#xe0fa;||divi||400&#8243; icon_color=&#8220;#E02B20&#8243; icon_placement=&#8220;left&#8220; image_icon_width=&#8220;60px&#8220; disabled_on=&#8220;on|on|on&#8220; _builder_version=&#8220;4.23.1&#8243; _module_preset=&#8220;default&#8220; body_link_text_color=&#8220;#000000&#8243; body_link_font_size=&#8220;20px&#8220; custom_padding=&#8220;20px||||false|false&#8220; disabled=&#8220;on&#8220; global_colors_info=&#8220;{}&#8220;]<\/p>\n<p><a href=\"tel:\/\/+49711292919\" title=\"Telefonnummer\">Tel: <span>+49 (0) 711 \/ 2263540<\/span><\/a><\/p>\n<p>[\/et_pb_blurb][\/et_pb_column_inner][et_pb_column_inner type=&#8220;1_2&#8243; saved_specialty_column_type=&#8220;2_3&#8243; _builder_version=&#8220;4.23.1&#8243; _module_preset=&#8220;default&#8220; global_colors_info=&#8220;{}&#8220;][et_pb_blurb title=&#8220;E-Mail&#8220; use_icon=&#8220;on&#8220; font_icon=&#8220;&#xe076;||divi||400&#8243; icon_color=&#8220;#E02B20&#8243; icon_placement=&#8220;left&#8220; image_icon_width=&#8220;60px&#8220; _builder_version=&#8220;4.23.1&#8243; _module_preset=&#8220;default&#8220; body_link_text_color=&#8220;#000000&#8243; body_link_font_size=&#8220;20px&#8220; custom_padding=&#8220;20px||||false|false&#8220; global_colors_info=&#8220;{}&#8220;]<\/p>\n<div><a href=\"mailto:info@brillen-kratzmann.de\">info@brillen-kratzmann.de<\/a><\/div>\n<p>&nbsp;<\/p>\n<p>[\/et_pb_blurb][et_pb_image src=&#8220;https:\/\/www.brillen-kratzmann.de\/cms\/wp-content\/uploads\/2023\/11\/direkt_hier_absenden1.png&#8220; title_text=&#8220;direkt_hier_absenden1&#8243; _builder_version=&#8220;4.23.1&#8243; _module_preset=&#8220;default&#8220; global_colors_info=&#8220;{}&#8220;][\/et_pb_image][\/et_pb_column_inner][\/et_pb_row_inner][et_pb_row_inner _builder_version=&#8220;4.23.1&#8243; _module_preset=&#8220;default&#8220; custom_margin=&#8220;2px|||||&#8220; global_colors_info=&#8220;{}&#8220;][et_pb_column_inner saved_specialty_column_type=&#8220;2_3&#8243; _builder_version=&#8220;4.23.1&#8243; _module_preset=&#8220;default&#8220; global_colors_info=&#8220;{}&#8220;][et_pb_contact_form email=&#8220;info@brillen-kratzmann.de&#8220; title=&#8220;Kontaktformular&#8220; custom_message=&#8220;Anfrage \u00fcber Kontaktformular auf brillen-kratzmann.de||et_pb_line_break_holder||||et_pb_line_break_holder||Name:      %%Vorname%% %%Name%%||et_pb_line_break_holder||E-Mail:      %%Email%%||et_pb_line_break_holder||Telefon:   %%Telefon%%||et_pb_line_break_holder||||et_pb_line_break_holder||Datenschutz: %%AGB%%||et_pb_line_break_holder||||et_pb_line_break_holder||Nachrichtentext:||et_pb_line_break_holder|| %%Message%%||et_pb_line_break_holder||&#8220; success_message=&#8220;Vielen Dank f\u00fcr Ihre Anfrage. Wir haben Ihre Nachhricht erhalten und werden uns schnellstm\u00f6glich bei Ihnen melden.&#8220; submit_button_text=&#8220;Anfrage  absenden&#8220; _builder_version=&#8220;4.23.4&#8243; _module_preset=&#8220;default&#8220; _unique_id=&#8220;a4159dfc-23ef-4a0c-9383-433d9a07031c&#8220; custom_button=&#8220;on&#8220; button_text_color=&#8220;#FFFFFF&#8220; button_bg_color=&#8220;#E02B20&#8243; button_border_radius=&#8220;25px&#8220; button_letter_spacing=&#8220;6px&#8220; button_font=&#8220;|700|||||||&#8220; button_icon=&#8220;&#xf0e0;||fa||900&#8243; global_colors_info=&#8220;{}&#8220;][et_pb_contact_field field_id=&#8220;Vorname&#8220; field_title=&#8220;Vorname&#8220; _builder_version=&#8220;4.23.1&#8243; global_colors_info=&#8220;{}&#8220; button_text_size__hover_enabled=&#8220;off&#8220; button_one_text_size__hover_enabled=&#8220;off&#8220; button_two_text_size__hover_enabled=&#8220;off&#8220; button_text_color__hover_enabled=&#8220;off&#8220; button_one_text_color__hover_enabled=&#8220;off&#8220; button_two_text_color__hover_enabled=&#8220;off&#8220; button_border_width__hover_enabled=&#8220;off&#8220; button_one_border_width__hover_enabled=&#8220;off&#8220; button_two_border_width__hover_enabled=&#8220;off&#8220; button_border_color__hover_enabled=&#8220;off&#8220; button_one_border_color__hover_enabled=&#8220;off&#8220; button_two_border_color__hover_enabled=&#8220;off&#8220; button_border_radius__hover_enabled=&#8220;off&#8220; button_one_border_radius__hover_enabled=&#8220;off&#8220; button_two_border_radius__hover_enabled=&#8220;off&#8220; button_letter_spacing__hover_enabled=&#8220;off&#8220; button_one_letter_spacing__hover_enabled=&#8220;off&#8220; button_two_letter_spacing__hover_enabled=&#8220;off&#8220; button_bg_color__hover_enabled=&#8220;off&#8220; button_one_bg_color__hover_enabled=&#8220;off&#8220; button_two_bg_color__hover_enabled=&#8220;off&#8220;][\/et_pb_contact_field][et_pb_contact_field field_id=&#8220;Name&#8220; field_title=&#8220;Name&#8220; _builder_version=&#8220;4.16&#8243; global_colors_info=&#8220;{}&#8220; button_text_size__hover_enabled=&#8220;off&#8220; button_one_text_size__hover_enabled=&#8220;off&#8220; button_two_text_size__hover_enabled=&#8220;off&#8220; button_text_color__hover_enabled=&#8220;off&#8220; button_one_text_color__hover_enabled=&#8220;off&#8220; button_two_text_color__hover_enabled=&#8220;off&#8220; button_border_width__hover_enabled=&#8220;off&#8220; button_one_border_width__hover_enabled=&#8220;off&#8220; button_two_border_width__hover_enabled=&#8220;off&#8220; button_border_color__hover_enabled=&#8220;off&#8220; button_one_border_color__hover_enabled=&#8220;off&#8220; button_two_border_color__hover_enabled=&#8220;off&#8220; button_border_radius__hover_enabled=&#8220;off&#8220; button_one_border_radius__hover_enabled=&#8220;off&#8220; button_two_border_radius__hover_enabled=&#8220;off&#8220; button_letter_spacing__hover_enabled=&#8220;off&#8220; button_one_letter_spacing__hover_enabled=&#8220;off&#8220; button_two_letter_spacing__hover_enabled=&#8220;off&#8220; button_bg_color__hover_enabled=&#8220;off&#8220; button_one_bg_color__hover_enabled=&#8220;off&#8220; button_two_bg_color__hover_enabled=&#8220;off&#8220;][\/et_pb_contact_field][et_pb_contact_field field_id=&#8220;Email&#8220; field_title=&#8220;E-Mail-Adresse&#8220; field_type=&#8220;email&#8220; _builder_version=&#8220;4.16&#8243; global_colors_info=&#8220;{}&#8220; button_text_size__hover_enabled=&#8220;off&#8220; button_one_text_size__hover_enabled=&#8220;off&#8220; button_two_text_size__hover_enabled=&#8220;off&#8220; button_text_color__hover_enabled=&#8220;off&#8220; button_one_text_color__hover_enabled=&#8220;off&#8220; button_two_text_color__hover_enabled=&#8220;off&#8220; button_border_width__hover_enabled=&#8220;off&#8220; button_one_border_width__hover_enabled=&#8220;off&#8220; button_two_border_width__hover_enabled=&#8220;off&#8220; button_border_color__hover_enabled=&#8220;off&#8220; button_one_border_color__hover_enabled=&#8220;off&#8220; button_two_border_color__hover_enabled=&#8220;off&#8220; button_border_radius__hover_enabled=&#8220;off&#8220; button_one_border_radius__hover_enabled=&#8220;off&#8220; button_two_border_radius__hover_enabled=&#8220;off&#8220; button_letter_spacing__hover_enabled=&#8220;off&#8220; button_one_letter_spacing__hover_enabled=&#8220;off&#8220; button_two_letter_spacing__hover_enabled=&#8220;off&#8220; button_bg_color__hover_enabled=&#8220;off&#8220; button_one_bg_color__hover_enabled=&#8220;off&#8220; button_two_bg_color__hover_enabled=&#8220;off&#8220;][\/et_pb_contact_field][et_pb_contact_field field_id=&#8220;Telefon&#8220; field_title=&#8220;Telefon (nur Zahlen)&#8220; allowed_symbols=&#8220;numbers&#8220; _builder_version=&#8220;4.23.4&#8243; global_colors_info=&#8220;{}&#8220; button_text_size__hover_enabled=&#8220;off&#8220; button_one_text_size__hover_enabled=&#8220;off&#8220; button_two_text_size__hover_enabled=&#8220;off&#8220; button_text_color__hover_enabled=&#8220;off&#8220; button_one_text_color__hover_enabled=&#8220;off&#8220; button_two_text_color__hover_enabled=&#8220;off&#8220; button_border_width__hover_enabled=&#8220;off&#8220; button_one_border_width__hover_enabled=&#8220;off&#8220; button_two_border_width__hover_enabled=&#8220;off&#8220; button_border_color__hover_enabled=&#8220;off&#8220; button_one_border_color__hover_enabled=&#8220;off&#8220; button_two_border_color__hover_enabled=&#8220;off&#8220; button_border_radius__hover_enabled=&#8220;off&#8220; button_one_border_radius__hover_enabled=&#8220;off&#8220; button_two_border_radius__hover_enabled=&#8220;off&#8220; button_letter_spacing__hover_enabled=&#8220;off&#8220; button_one_letter_spacing__hover_enabled=&#8220;off&#8220; button_two_letter_spacing__hover_enabled=&#8220;off&#8220; button_bg_color__hover_enabled=&#8220;off&#8220; button_one_bg_color__hover_enabled=&#8220;off&#8220; button_two_bg_color__hover_enabled=&#8220;off&#8220;][\/et_pb_contact_field][et_pb_contact_field field_id=&#8220;Message&#8220; field_title=&#8220;Nachricht&#8220; field_type=&#8220;text&#8220; fullwidth_field=&#8220;on&#8220; _builder_version=&#8220;4.16&#8243; global_colors_info=&#8220;{}&#8220; button_text_size__hover_enabled=&#8220;off&#8220; button_one_text_size__hover_enabled=&#8220;off&#8220; button_two_text_size__hover_enabled=&#8220;off&#8220; button_text_color__hover_enabled=&#8220;off&#8220; button_one_text_color__hover_enabled=&#8220;off&#8220; button_two_text_color__hover_enabled=&#8220;off&#8220; button_border_width__hover_enabled=&#8220;off&#8220; button_one_border_width__hover_enabled=&#8220;off&#8220; button_two_border_width__hover_enabled=&#8220;off&#8220; button_border_color__hover_enabled=&#8220;off&#8220; button_one_border_color__hover_enabled=&#8220;off&#8220; button_two_border_color__hover_enabled=&#8220;off&#8220; button_border_radius__hover_enabled=&#8220;off&#8220; button_one_border_radius__hover_enabled=&#8220;off&#8220; button_two_border_radius__hover_enabled=&#8220;off&#8220; button_letter_spacing__hover_enabled=&#8220;off&#8220; button_one_letter_spacing__hover_enabled=&#8220;off&#8220; button_two_letter_spacing__hover_enabled=&#8220;off&#8220; button_bg_color__hover_enabled=&#8220;off&#8220; button_one_bg_color__hover_enabled=&#8220;off&#8220; button_two_bg_color__hover_enabled=&#8220;off&#8220;][\/et_pb_contact_field][et_pb_contact_field field_id=&#8220;AGB&#8220; field_title=&#8220;Datenschutz&#8220; field_type=&#8220;checkbox&#8220; checkbox_options=&#8220;%91{%22value%22:%22Ich habe die  Datenschutzhinweise gelesen und bin mit der elektronischen Verarbeitung der Daten  im Rahmen der Kontaktaufnahme und Bearbeitung meiner Anfrage einverstanden. %22,%22checked%22:0,%22dragID%22:-1,%22link_url%22:%22https:\/\/www.brillen-kratzmann.de\/cms\/datenschutzerklaerung\/%22,%22link_text%22:%22Datenschutzerkl\u00e4rung%22}%93&#8243; fullwidth_field=&#8220;on&#8220; _builder_version=&#8220;4.23.4&#8243; _module_preset=&#8220;default&#8220; global_colors_info=&#8220;{}&#8220;][\/et_pb_contact_field][\/et_pb_contact_form][\/et_pb_column_inner][\/et_pb_row_inner][\/et_pb_column][et_pb_column type=&#8220;1_3&#8243; _builder_version=&#8220;4.16&#8243; custom_padding=&#8220;|||&#8220; global_colors_info=&#8220;{}&#8220; custom_padding__hover=&#8220;|||&#8220;][et_pb_team_member name=&#8220;Martin Locher&#8220; position=&#8220;Inhaber&#8220; image_url=&#8220;https:\/\/www.brillen-kratzmann.de\/cms\/wp-content\/uploads\/2023\/12\/Martin-Locher-Brillen-Kratzmann-8367-square.jpg&#8220; _builder_version=&#8220;4.23.1&#8243; _module_preset=&#8220;default&#8220; child_filter_saturate=&#8220;18%&#8220; child_filter_brightness=&#8220;115%&#8220; child_filter_contrast=&#8220;103%&#8220; custom_css_member_image=&#8220;width:250px&#8220; border_radii_image=&#8220;on|250px|250px|250px|250px&#8220; border_color_all_image=&#8220;RGBA(255,255,255,0)&#8220; global_colors_info=&#8220;{}&#8220;]<\/p>\n<p><em>Als erster Ansprechpartner f\u00fcr das gute Sehen sind wir als Augenoptiker in Stuttgart mehr als \u201enur\u201c diejenigen, die sich um die jeweilige optisch, anatomisch und \u00e4sthetisch perfekt auf Ihre individuellen W\u00fcnsche und Bed\u00fcrfnisse angepasste Sehhilfe k\u00fcmmern. Wir sind auch oft die Ersten, die eventuelle Auff\u00e4lligkeiten am Auge feststellen und unsere Kunden zu deren Abkl\u00e4rung an den Augenarzt verweisen.<\/em><\/p>\n<p><em>Wir verschaffen Ihnen meist ohne lange Wartezeiten eine optimale Sicht, wir messen Ihre Sehst\u00e4rke und fertigen daraufhin die perfekten Kontaktlinsen oder die individuell auf Ihre Sehaufgaben zugeschnittene Brille an. Als Gesundheitsberuf hat sich die Augenoptik \u2013 trotz des Einzuges modernster und computergesteuerter Technik \u2013 einen gro\u00dfen Teil echter Handwerksarbeit bewahrt.<\/em><\/p>\n<p>Martin Locher<br \/>Team Brillen Kratzmann<\/p>\n<p>[\/et_pb_team_member][\/et_pb_column][\/et_pb_section][et_pb_section fb_built=&#8220;1&#8243; _builder_version=&#8220;4.23.1&#8243; _module_preset=&#8220;default&#8220; background_enable_color=&#8220;off&#8220; custom_padding=&#8220;14px||10px|||&#8220; global_colors_info=&#8220;{}&#8220;][et_pb_row column_structure=&#8220;1_2,1_2&#8243; _builder_version=&#8220;4.23.1&#8243; _module_preset=&#8220;default&#8220; global_colors_info=&#8220;{}&#8220;][et_pb_column type=&#8220;1_2&#8243; _builder_version=&#8220;4.23.1&#8243; _module_preset=&#8220;default&#8220; global_colors_info=&#8220;{}&#8220;][et_pb_image src=&#8220;https:\/\/www.brillen-kratzmann.de\/cms\/wp-content\/uploads\/2023\/11\/Logo_Innungsoptiker.png&#8220; title_text=&#8220;Logo_Innungsoptiker&#8220; url=&#8220;https:\/\/www.innungsoptiker.de\/optiker\/stuttgart\/brillen-kratzmann-inh-martin-locher&#8220; url_new_window=&#8220;on&#8220; align=&#8220;center&#8220; _builder_version=&#8220;4.23.1&#8243; _module_preset=&#8220;default&#8220; background_color=&#8220;rgba(10,10,10,0.75)&#8220; custom_margin=&#8220;50px||||false|false&#8220; global_colors_info=&#8220;{}&#8220;][\/et_pb_image][\/et_pb_column][et_pb_column type=&#8220;1_2&#8243; _builder_version=&#8220;4.23.1&#8243; _module_preset=&#8220;default&#8220; global_colors_info=&#8220;{}&#8220;][et_pb_image src=&#8220;https:\/\/www.brillen-kratzmann.de\/cms\/wp-content\/uploads\/2024\/01\/logo_vision_partner-2024.png&#8220; title_text=&#8220;logo_vision_partner-2024&#8243; _builder_version=&#8220;4.23.1&#8243; _module_preset=&#8220;default&#8220; global_colors_info=&#8220;{}&#8220;][\/et_pb_image][\/et_pb_column][\/et_pb_row][\/et_pb_section][et_pb_section fb_built=&#8220;1&#8243; fullwidth=&#8220;on&#8220; _builder_version=&#8220;4.23.1&#8243; _module_preset=&#8220;default&#8220; filter_saturate=&#8220;0%&#8220; top_divider_style=&#8220;curve&#8220; top_divider_color=&#8220;#FFFFFF&#8220; top_divider_height=&#8220;56px&#8220; link_option_url=&#8220;https:\/\/www.google.de\/maps\/dir\/\/Brillen+Kratzmann,+K%C3%B6nigstra%C3%9Fe+22,+70173+Stuttgart\/@48.7798177,9.1765394,17z\/data=!4m9!4m8!1m0!1m5!1m1!1s0x4799db344fc63799:0x4a791222de1291e8!2m2!1d9.1791197!2d48.7798142!3e0?entry=ttu&#8220; link_option_url_new_window=&#8220;on&#8220; global_colors_info=&#8220;{}&#8220; filter_saturate__hover_enabled=&#8220;on|hover&#8220; filter_saturate__hover=&#8220;100%&#8220;][et_pb_fullwidth_image src=&#8220;https:\/\/www.brillen-kratzmann.de\/cms\/wp-content\/uploads\/2023\/11\/map.png&#8220; title_text=&#8220;map&#8220; _builder_version=&#8220;4.23.1&#8243; _module_preset=&#8220;default&#8220; global_colors_info=&#8220;{}&#8220;][\/et_pb_fullwidth_image][\/et_pb_section]<\/p>\n","protected":false},"excerpt":{"rendered":"<p>Kontakt So erreichen Sie uns.Di \u2013 Sa: 10:00 \u2013 18:00 Montag geschlossenBrillen KratzmannInh. Martin Locher (e.K.)K\u00f6nigstr.2270173 StuttgartTel: +49 (0) 711 \/ 292919Tel: +49 (0) 711 \/ 2263540info@brillen-kratzmann.de &nbsp;Als erster Ansprechpartner f\u00fcr das gute Sehen sind wir als Augenoptiker in Stuttgart mehr als \u201enur\u201c diejenigen, die sich um die jeweilige optisch, anatomisch und \u00e4sthetisch perfekt auf [&hellip;]<\/p>\n","protected":false},"author":1,"featured_media":0,"parent":0,"menu_order":0,"comment_status":"closed","ping_status":"closed","template":"","meta":{"_et_pb_use_builder":"on","_et_pb_old_content":"<!-- wp:divi\/placeholder \/-->","_et_gb_content_width":"","footnotes":""},"class_list":["post-29","page","type-page","status-publish","hentry"],"yoast_head":"<!-- This site is optimized with the Yoast SEO plugin v24.8.1 - https:\/\/yoast.com\/wordpress\/plugins\/seo\/ -->\n<title>Kontakt - Brillen Kratzmann<\/title>\n<meta name=\"robots\" content=\"index, follow, max-snippet:-1, max-image-preview:large, max-video-preview:-1\" \/>\n<link rel=\"canonical\" href=\"https:\/\/www.brillen-kratzmann.de\/cms\/kontakt\/\" \/>\n<meta property=\"og:locale\" content=\"de_DE\" \/>\n<meta property=\"og:type\" content=\"article\" \/>\n<meta property=\"og:title\" content=\"Kontakt - Brillen Kratzmann\" \/>\n<meta property=\"og:description\" content=\"Kontakt So erreichen Sie uns.Di \u2013 Sa: 10:00 \u2013 18:00 Montag geschlossenBrillen KratzmannInh. Martin Locher (e.K.)K\u00f6nigstr.2270173 StuttgartTel: +49 (0) 711 \/ 292919Tel: +49 (0) 711 \/ 2263540info@brillen-kratzmann.de &nbsp;Als erster Ansprechpartner f\u00fcr das gute Sehen sind wir als Augenoptiker in Stuttgart mehr als \u201enur\u201c diejenigen, die sich um die jeweilige optisch, anatomisch und \u00e4sthetisch perfekt auf [&hellip;]\" \/>\n<meta property=\"og:url\" content=\"https:\/\/www.brillen-kratzmann.de\/cms\/kontakt\/\" \/>\n<meta property=\"og:site_name\" content=\"Brillen Kratzmann\" \/>\n<meta property=\"article:modified_time\" content=\"2025-01-04T10:34:11+00:00\" \/>\n<meta name=\"twitter:card\" content=\"summary_large_image\" \/>\n<script type=\"application\/ld+json\" class=\"yoast-schema-graph\">{\"@context\":\"https:\/\/schema.org\",\"@graph\":[{\"@type\":\"WebPage\",\"@id\":\"https:\/\/www.brillen-kratzmann.de\/cms\/kontakt\/\",\"url\":\"https:\/\/www.brillen-kratzmann.de\/cms\/kontakt\/\",\"name\":\"Kontakt - Brillen Kratzmann\",\"isPartOf\":{\"@id\":\"https:\/\/www.brillen-kratzmann.de\/cms\/#website\"},\"datePublished\":\"2023-11-16T15:50:54+00:00\",\"dateModified\":\"2025-01-04T10:34:11+00:00\",\"breadcrumb\":{\"@id\":\"https:\/\/www.brillen-kratzmann.de\/cms\/kontakt\/#breadcrumb\"},\"inLanguage\":\"de\",\"potentialAction\":[{\"@type\":\"ReadAction\",\"target\":[\"https:\/\/www.brillen-kratzmann.de\/cms\/kontakt\/\"]}]},{\"@type\":\"BreadcrumbList\",\"@id\":\"https:\/\/www.brillen-kratzmann.de\/cms\/kontakt\/#breadcrumb\",\"itemListElement\":[{\"@type\":\"ListItem\",\"position\":1,\"name\":\"Startseite\",\"item\":\"https:\/\/www.brillen-kratzmann.de\/cms\/\"},{\"@type\":\"ListItem\",\"position\":2,\"name\":\"Kontakt\"}]},{\"@type\":\"WebSite\",\"@id\":\"https:\/\/www.brillen-kratzmann.de\/cms\/#website\",\"url\":\"https:\/\/www.brillen-kratzmann.de\/cms\/\",\"name\":\"Brillen Kratzmann\",\"description\":\"Seit \u00fcber 70 Jahren i Ihr Fachgesch\u00e4ft f\u00fcr perfektes Sehen in Stuttgart\",\"potentialAction\":[{\"@type\":\"SearchAction\",\"target\":{\"@type\":\"EntryPoint\",\"urlTemplate\":\"https:\/\/www.brillen-kratzmann.de\/cms\/?s={search_term_string}\"},\"query-input\":{\"@type\":\"PropertyValueSpecification\",\"valueRequired\":true,\"valueName\":\"search_term_string\"}}],\"inLanguage\":\"de\"}]}<\/script>\n<!-- \/ Yoast SEO plugin. -->","yoast_head_json":{"title":"Kontakt - Brillen Kratzmann","robots":{"index":"index","follow":"follow","max-snippet":"max-snippet:-1","max-image-preview":"max-image-preview:large","max-video-preview":"max-video-preview:-1"},"canonical":"https:\/\/www.brillen-kratzmann.de\/cms\/kontakt\/","og_locale":"de_DE","og_type":"article","og_title":"Kontakt - Brillen Kratzmann","og_description":"Kontakt So erreichen Sie uns.Di \u2013 Sa: 10:00 \u2013 18:00 Montag geschlossenBrillen KratzmannInh. Martin Locher (e.K.)K\u00f6nigstr.2270173 StuttgartTel: +49 (0) 711 \/ 292919Tel: +49 (0) 711 \/ 2263540info@brillen-kratzmann.de &nbsp;Als erster Ansprechpartner f\u00fcr das gute Sehen sind wir als Augenoptiker in Stuttgart mehr als \u201enur\u201c diejenigen, die sich um die jeweilige optisch, anatomisch und \u00e4sthetisch perfekt auf [&hellip;]","og_url":"https:\/\/www.brillen-kratzmann.de\/cms\/kontakt\/","og_site_name":"Brillen Kratzmann","article_modified_time":"2025-01-04T10:34:11+00:00","twitter_card":"summary_large_image","schema":{"@context":"https:\/\/schema.org","@graph":[{"@type":"WebPage","@id":"https:\/\/www.brillen-kratzmann.de\/cms\/kontakt\/","url":"https:\/\/www.brillen-kratzmann.de\/cms\/kontakt\/","name":"Kontakt - Brillen Kratzmann","isPartOf":{"@id":"https:\/\/www.brillen-kratzmann.de\/cms\/#website"},"datePublished":"2023-11-16T15:50:54+00:00","dateModified":"2025-01-04T10:34:11+00:00","breadcrumb":{"@id":"https:\/\/www.brillen-kratzmann.de\/cms\/kontakt\/#breadcrumb"},"inLanguage":"de","potentialAction":[{"@type":"ReadAction","target":["https:\/\/www.brillen-kratzmann.de\/cms\/kontakt\/"]}]},{"@type":"BreadcrumbList","@id":"https:\/\/www.brillen-kratzmann.de\/cms\/kontakt\/#breadcrumb","itemListElement":[{"@type":"ListItem","position":1,"name":"Startseite","item":"https:\/\/www.brillen-kratzmann.de\/cms\/"},{"@type":"ListItem","position":2,"name":"Kontakt"}]},{"@type":"WebSite","@id":"https:\/\/www.brillen-kratzmann.de\/cms\/#website","url":"https:\/\/www.brillen-kratzmann.de\/cms\/","name":"Brillen Kratzmann","description":"Seit \u00fcber 70 Jahren i Ihr Fachgesch\u00e4ft f\u00fcr perfektes Sehen in Stuttgart","potentialAction":[{"@type":"SearchAction","target":{"@type":"EntryPoint","urlTemplate":"https:\/\/www.brillen-kratzmann.de\/cms\/?s={search_term_string}"},"query-input":{"@type":"PropertyValueSpecification","valueRequired":true,"valueName":"search_term_string"}}],"inLanguage":"de"}]}},"_links":{"self":[{"href":"https:\/\/www.brillen-kratzmann.de\/cms\/wp-json\/wp\/v2\/pages\/29","targetHints":{"allow":["GET"]}}],"collection":[{"href":"https:\/\/www.brillen-kratzmann.de\/cms\/wp-json\/wp\/v2\/pages"}],"about":[{"href":"https:\/\/www.brillen-kratzmann.de\/cms\/wp-json\/wp\/v2\/types\/page"}],"author":[{"embeddable":true,"href":"https:\/\/www.brillen-kratzmann.de\/cms\/wp-json\/wp\/v2\/users\/1"}],"replies":[{"embeddable":true,"href":"https:\/\/www.brillen-kratzmann.de\/cms\/wp-json\/wp\/v2\/comments?post=29"}],"version-history":[{"count":25,"href":"https:\/\/www.brillen-kratzmann.de\/cms\/wp-json\/wp\/v2\/pages\/29\/revisions"}],"predecessor-version":[{"id":517,"href":"https:\/\/www.brillen-kratzmann.de\/cms\/wp-json\/wp\/v2\/pages\/29\/revisions\/517"}],"wp:attachment":[{"href":"https:\/\/www.brillen-kratzmann.de\/cms\/wp-json\/wp\/v2\/media?parent=29"}],"curies":[{"name":"wp","href":"https:\/\/api.w.org\/{rel}","templated":true}]}}