{"id":91,"date":"2023-11-17T12:43:45","date_gmt":"2023-11-17T12:43:45","guid":{"rendered":"https:\/\/www.brillen-kratzmann.de\/cms-new\/?page_id=91"},"modified":"2024-01-03T09:03:26","modified_gmt":"2024-01-03T09:03:26","slug":"zeiss-vision-partner","status":"publish","type":"page","link":"https:\/\/www.brillen-kratzmann.de\/cms\/zeiss-vision-partner\/","title":{"rendered":"Zeiss Vision Partner"},"content":{"rendered":"<p>[et_pb_section fb_built=&#8220;1&#8243; _builder_version=&#8220;4.23.1&#8243; _module_preset=&#8220;default&#8220; background_image=&#8220;https:\/\/www.brillen-kratzmann.de\/cms\/wp-content\/uploads\/2024\/01\/Brillen-Kratzmann-Aussenansicht-20240102_111717_resizelandscape.jpg&#8220; min_height=&#8220;768px&#8220; hover_enabled=&#8220;0&#8243; global_colors_info=&#8220;{}&#8220; sticky_enabled=&#8220;0&#8243; title_text=&#8220;Brillen-Kratzmann-Aussenansicht-20240102_111717_resizelandscape&#8220; parallax=&#8220;on&#8220; bottom_divider_style=&#8220;curve&#8220; bottom_divider_height=&#8220;23px&#8220; next_background_color=&#8220;#ffffff&#8220;][\/et_pb_section][et_pb_section fb_built=&#8220;1&#8243; _builder_version=&#8220;4.23.1&#8243; _module_preset=&#8220;default&#8220; custom_margin=&#8220;15px|||||&#8220; custom_padding=&#8220;18px||21px|||&#8220; global_colors_info=&#8220;{}&#8220;][et_pb_row _builder_version=&#8220;4.23.1&#8243; _module_preset=&#8220;default&#8220; global_colors_info=&#8220;{}&#8220;][et_pb_column type=&#8220;4_4&#8243; _builder_version=&#8220;4.23.1&#8243; _module_preset=&#8220;default&#8220; global_colors_info=&#8220;{}&#8220;][et_pb_heading title=&#8220;Welche Vorteile bietet Ihnen Ihr Relaxed Vision\u00ae Partner Augenoptiker ?&#8220; _builder_version=&#8220;4.23.1&#8243; _module_preset=&#8220;default&#8220; global_colors_info=&#8220;{}&#8220;][\/et_pb_heading][et_pb_text _builder_version=&#8220;4.23.1&#8243; _module_preset=&#8220;default&#8220; text_font_size=&#8220;20px&#8220; text_orientation=&#8220;center&#8220; global_colors_info=&#8220;{}&#8220;]<\/p>\n<p><em>Das exklusive Beratungskonzept von Carl Zeiss bei Ihrem Augenoptiker.<\/em><\/p>\n<p>[\/et_pb_text][et_pb_text _builder_version=&#8220;4.23.1&#8243; _module_preset=&#8220;default&#8220; text_font_size=&#8220;16px&#8220; global_colors_info=&#8220;{}&#8220;]<\/p>\n<p><em><\/em><\/p>\n<p>Der zentrale Gedanke des Relaxed Vision\u00ae Centers besteht darin, den Auge-Linse Dialog perfekt aufeinander abzustimmen. Dabei spielen folgende Kernkomponenten die Hauptrollen: eine qualitativ hochwertige Beratungsunterst\u00fctzung, der Einsatz neuester Brillenglas-Technologien und Messtechniken sowie die Markenqualit\u00e4t von ZEISS Pr\u00e4zisions-Brillengl\u00e4sern.<\/p>\n<p>Im Relaxed Vision\u00ae Center stehen Sie als Kunde im Mittelpunkt. Sie erhalten eine detaillierte Beratung, bei der Ihre ganz individuellen Sehbed\u00fcrfnisse festgestellt werden. Denn die sind bei jedem Menschen v\u00f6llig unterschiedlich.<\/p>\n<p>Nach einer exakten Augenmessung und Brillenanpassung, bei der die Brillenglas-Position auf 1\/10 mm genau ermittelt wird, erfahren Sie die bestm\u00f6gliche Brillenglas-L\u00f6sung f\u00fcr Ihre Bed\u00fcrfnisse. Des Weiteren bieten Relaxed Vision\u00ae Center auch im Nachgang zum Brillenkauf einen kompetenten und umfangreichen Kundenservice.<\/p>\n<p>[\/et_pb_text][\/et_pb_column][\/et_pb_row][\/et_pb_section][et_pb_section fb_built=&#8220;1&#8243; _builder_version=&#8220;4.23.1&#8243; _module_preset=&#8220;default&#8220; custom_padding=&#8220;33px|||||&#8220; animation_style=&#8220;fold&#8220; global_colors_info=&#8220;{}&#8220;][et_pb_row column_structure=&#8220;1_3,1_3,1_3&#8243; _builder_version=&#8220;4.23.1&#8243; _module_preset=&#8220;default&#8220; global_colors_info=&#8220;{}&#8220;][et_pb_column type=&#8220;1_3&#8243; _builder_version=&#8220;4.23.1&#8243; _module_preset=&#8220;default&#8220; global_colors_info=&#8220;{}&#8220;][et_pb_blurb title=&#8220;1. Ihre individuelle Sehsituation. &#8220; image=&#8220;https:\/\/www.brillen-kratzmann.de\/cms\/wp-content\/uploads\/2023\/11\/BrillenKratzmann_ZeissVisionPartner_Augenanalyse_1.jpg&#8220; _builder_version=&#8220;4.23.1&#8243; _module_preset=&#8220;default&#8220; border_width_bottom_image=&#8220;4px&#8220; border_color_bottom_image=&#8220;#E02B20&#8243; global_colors_info=&#8220;{}&#8220;]<\/p>\n<p>Wir besprechen im Detail Ihre pers\u00f6nliche Sehsituation und er\u00f6rtern gemeinsam, was Ihre neuen Brillengl\u00e4ser leisten sollen.<\/p>\n<p>[\/et_pb_blurb][\/et_pb_column][et_pb_column type=&#8220;1_3&#8243; _builder_version=&#8220;4.23.1&#8243; _module_preset=&#8220;default&#8220; global_colors_info=&#8220;{}&#8220;][et_pb_blurb title=&#8220;2. Pr\u00e4zise Vermessung mit dem i.Profiler\u00ae von ZEISS.&#8220; image=&#8220;https:\/\/www.brillen-kratzmann.de\/cms\/wp-content\/uploads\/2023\/11\/BrillenKratzmann_ZeissVisionPartner_Augenanalyse_2.jpg&#8220; _builder_version=&#8220;4.23.1&#8243; _module_preset=&#8220;default&#8220; border_width_bottom_image=&#8220;4px&#8220; border_color_bottom_image=&#8220;#E02B20&#8243; global_colors_info=&#8220;{}&#8220;]<\/p>\n<p>Sollten wir im Gespr\u00e4ch feststellen, dass eine Messung mit dem i.Profiler\u00ae von ZEISS notwendig ist, erstellen wir zus\u00e4tzlich ein pr\u00e4zises Sehprofil Ihrer Augen.<\/p>\n<p>[\/et_pb_blurb][\/et_pb_column][et_pb_column type=&#8220;1_3&#8243; _builder_version=&#8220;4.23.1&#8243; _module_preset=&#8220;default&#8220; global_colors_info=&#8220;{}&#8220;][et_pb_blurb title=&#8220;3. Subjektives \u00dcberpr\u00fcfen.&#8220; image=&#8220;https:\/\/www.brillen-kratzmann.de\/cms\/wp-content\/uploads\/2023\/11\/BrillenKratzmann_ZeissVisionPartner_Augenanalyse_3.jpg&#8220; _builder_version=&#8220;4.23.1&#8243; _module_preset=&#8220;default&#8220; border_width_bottom_image=&#8220;4px&#8220; border_color_bottom_image=&#8220;#E02B20&#8243; global_colors_info=&#8220;{}&#8220;]<\/p>\n<p>Hier ermitteln wir Ihre Sehsch\u00e4rfe und das Zusammenspiel Ihrer Augen mit Hilfe z.\u2009B. des Polatest.<\/p>\n<p>[\/et_pb_blurb][\/et_pb_column][\/et_pb_row][et_pb_row column_structure=&#8220;1_3,1_3,1_3&#8243; _builder_version=&#8220;4.23.1&#8243; _module_preset=&#8220;default&#8220; global_colors_info=&#8220;{}&#8220;][et_pb_column type=&#8220;1_3&#8243; _builder_version=&#8220;4.23.1&#8243; _module_preset=&#8220;default&#8220; global_colors_info=&#8220;{}&#8220;][et_pb_blurb title=&#8220;4. Genaue Anpassung.&#8220; image=&#8220;https:\/\/www.brillen-kratzmann.de\/cms\/wp-content\/uploads\/2023\/11\/BrillenKratzmann_ZeissVisionPartner_Augenanalyse_4.jpg&#8220; _builder_version=&#8220;4.23.1&#8243; _module_preset=&#8220;default&#8220; border_width_bottom_image=&#8220;4px&#8220; border_color_bottom_image=&#8220;#E02B20&#8243; global_colors_info=&#8220;{}&#8220;]<\/p>\n<p>Die ZEISS Zentriertechnologie positioniert Ihre Brille auf 1\/10 mm genau. Das vermeidet Anpassfehler, die 40 % und mehr Verlust an optischer Leistung bedeuten k\u00f6nnen.<\/p>\n<p>[\/et_pb_blurb][\/et_pb_column][et_pb_column type=&#8220;1_3&#8243; _builder_version=&#8220;4.23.1&#8243; _module_preset=&#8220;default&#8220; global_colors_info=&#8220;{}&#8220;][et_pb_blurb title=&#8220;5. Ihre individuelle Brillenglas-L\u00f6sung.&#8220; image=&#8220;https:\/\/www.brillen-kratzmann.de\/cms\/wp-content\/uploads\/2023\/11\/BrillenKratzmann_ZeissVisionPartner_Augenanalyse_5.jpg&#8220; _builder_version=&#8220;4.23.1&#8243; _module_preset=&#8220;default&#8220; border_width_bottom_image=&#8220;4px&#8220; border_color_bottom_image=&#8220;#E02B20&#8243; global_colors_info=&#8220;{}&#8220;]<\/p>\n<p>Basierend auf der ZEISS Seh-Analyse k\u00f6nnen wir Ihnen die besten ZEISS Pr\u00e4zisions-Brillengl\u00e4ser empfehlen, die es f\u00fcr Ihre Augen gibt.<\/p>\n<p>[\/et_pb_blurb][\/et_pb_column][et_pb_column type=&#8220;1_3&#8243; _builder_version=&#8220;4.23.1&#8243; _module_preset=&#8220;default&#8220; global_colors_info=&#8220;{}&#8220;][et_pb_blurb title=&#8220;6. Ihre Zufriedenheit.&#8220; image=&#8220;https:\/\/www.brillen-kratzmann.de\/cms\/wp-content\/uploads\/2023\/11\/BrillenKratzmann_ZeissVisionPartner_Augenanalyse_6.jpg&#8220; _builder_version=&#8220;4.23.1&#8243; _module_preset=&#8220;default&#8220; border_width_bottom_image=&#8220;4px&#8220; border_color_bottom_image=&#8220;#E02B20&#8243; global_colors_info=&#8220;{}&#8220;]<\/p>\n<p>Wir als Ihr ZEISS Vision Partner\u00a0betreuen Sie auch nach dem Brillenkauf durch hochwertigen Service, damit Sie lange Freude an Ihrer neuen Brille haben.<\/p>\n<p>[\/et_pb_blurb][\/et_pb_column][\/et_pb_row][et_pb_row _builder_version=&#8220;4.23.1&#8243; _module_preset=&#8220;default&#8220; global_colors_info=&#8220;{}&#8220;][et_pb_column type=&#8220;4_4&#8243; _builder_version=&#8220;4.23.1&#8243; _module_preset=&#8220;default&#8220; global_colors_info=&#8220;{}&#8220;][et_pb_image src=&#8220;https:\/\/www.brillen-kratzmann.de\/cms\/wp-content\/uploads\/2024\/01\/logo_vision_partner-2024.png&#8220; title_text=&#8220;logo_vision_partner-2024&#8243; align=&#8220;center&#8220; _builder_version=&#8220;4.23.1&#8243; _module_preset=&#8220;default&#8220; hover_enabled=&#8220;0&#8243; global_colors_info=&#8220;{}&#8220; sticky_enabled=&#8220;0&#8243;][\/et_pb_image][et_pb_text _builder_version=&#8220;4.23.1&#8243; _module_preset=&#8220;default&#8220; text_text_color=&#8220;#000000&#8243; text_font_size=&#8220;22px&#8220; text_orientation=&#8220;center&#8220; global_colors_info=&#8220;{}&#8220;]<\/p>\n<p>Brillen Kratzmann ist Ihr Zeiss Vision Partner in Stuttgart.<\/p>\n<p>[\/et_pb_text][\/et_pb_column][\/et_pb_row][\/et_pb_section]<\/p>\n","protected":false},"excerpt":{"rendered":"<p>Das exklusive Beratungskonzept von Carl Zeiss bei Ihrem Augenoptiker. Der zentrale Gedanke des Relaxed Vision\u00ae Centers besteht darin, den Auge-Linse Dialog perfekt aufeinander abzustimmen. Dabei spielen folgende Kernkomponenten die Hauptrollen: eine qualitativ hochwertige Beratungsunterst\u00fctzung, der Einsatz neuester Brillenglas-Technologien und Messtechniken sowie die Markenqualit\u00e4t von ZEISS Pr\u00e4zisions-Brillengl\u00e4sern. Im Relaxed Vision\u00ae Center stehen Sie als Kunde im [&hellip;]<\/p>\n","protected":false},"author":1,"featured_media":0,"parent":0,"menu_order":0,"comment_status":"closed","ping_status":"closed","template":"","meta":{"_et_pb_use_builder":"on","_et_pb_old_content":"<!-- wp:divi\/placeholder \/-->","_et_gb_content_width":"","footnotes":""},"class_list":["post-91","page","type-page","status-publish","hentry"],"yoast_head":"<!-- This site is optimized with the Yoast SEO plugin v24.8.1 - https:\/\/yoast.com\/wordpress\/plugins\/seo\/ -->\n<title>Zeiss Vision Partner - Brillen Kratzmann<\/title>\n<meta name=\"robots\" content=\"index, follow, max-snippet:-1, max-image-preview:large, max-video-preview:-1\" \/>\n<link rel=\"canonical\" href=\"https:\/\/www.brillen-kratzmann.de\/cms\/zeiss-vision-partner\/\" \/>\n<meta property=\"og:locale\" content=\"de_DE\" \/>\n<meta property=\"og:type\" content=\"article\" \/>\n<meta property=\"og:title\" content=\"Zeiss Vision Partner - Brillen Kratzmann\" \/>\n<meta property=\"og:description\" content=\"Das exklusive Beratungskonzept von Carl Zeiss bei Ihrem Augenoptiker. Der zentrale Gedanke des Relaxed Vision\u00ae Centers besteht darin, den Auge-Linse Dialog perfekt aufeinander abzustimmen. Dabei spielen folgende Kernkomponenten die Hauptrollen: eine qualitativ hochwertige Beratungsunterst\u00fctzung, der Einsatz neuester Brillenglas-Technologien und Messtechniken sowie die Markenqualit\u00e4t von ZEISS Pr\u00e4zisions-Brillengl\u00e4sern. Im Relaxed Vision\u00ae Center stehen Sie als Kunde im [&hellip;]\" \/>\n<meta property=\"og:url\" content=\"https:\/\/www.brillen-kratzmann.de\/cms\/zeiss-vision-partner\/\" \/>\n<meta property=\"og:site_name\" content=\"Brillen Kratzmann\" \/>\n<meta property=\"article:modified_time\" content=\"2024-01-03T09:03:26+00:00\" \/>\n<meta name=\"twitter:card\" content=\"summary_large_image\" \/>\n<script type=\"application\/ld+json\" class=\"yoast-schema-graph\">{\"@context\":\"https:\/\/schema.org\",\"@graph\":[{\"@type\":\"WebPage\",\"@id\":\"https:\/\/www.brillen-kratzmann.de\/cms\/zeiss-vision-partner\/\",\"url\":\"https:\/\/www.brillen-kratzmann.de\/cms\/zeiss-vision-partner\/\",\"name\":\"Zeiss Vision Partner - Brillen Kratzmann\",\"isPartOf\":{\"@id\":\"https:\/\/www.brillen-kratzmann.de\/cms\/#website\"},\"datePublished\":\"2023-11-17T12:43:45+00:00\",\"dateModified\":\"2024-01-03T09:03:26+00:00\",\"breadcrumb\":{\"@id\":\"https:\/\/www.brillen-kratzmann.de\/cms\/zeiss-vision-partner\/#breadcrumb\"},\"inLanguage\":\"de\",\"potentialAction\":[{\"@type\":\"ReadAction\",\"target\":[\"https:\/\/www.brillen-kratzmann.de\/cms\/zeiss-vision-partner\/\"]}]},{\"@type\":\"BreadcrumbList\",\"@id\":\"https:\/\/www.brillen-kratzmann.de\/cms\/zeiss-vision-partner\/#breadcrumb\",\"itemListElement\":[{\"@type\":\"ListItem\",\"position\":1,\"name\":\"Startseite\",\"item\":\"https:\/\/www.brillen-kratzmann.de\/cms\/\"},{\"@type\":\"ListItem\",\"position\":2,\"name\":\"Zeiss Vision Partner\"}]},{\"@type\":\"WebSite\",\"@id\":\"https:\/\/www.brillen-kratzmann.de\/cms\/#website\",\"url\":\"https:\/\/www.brillen-kratzmann.de\/cms\/\",\"name\":\"Brillen Kratzmann\",\"description\":\"Seit \u00fcber 70 Jahren i Ihr Fachgesch\u00e4ft f\u00fcr perfektes Sehen in Stuttgart\",\"potentialAction\":[{\"@type\":\"SearchAction\",\"target\":{\"@type\":\"EntryPoint\",\"urlTemplate\":\"https:\/\/www.brillen-kratzmann.de\/cms\/?s={search_term_string}\"},\"query-input\":{\"@type\":\"PropertyValueSpecification\",\"valueRequired\":true,\"valueName\":\"search_term_string\"}}],\"inLanguage\":\"de\"}]}<\/script>\n<!-- \/ Yoast SEO plugin. -->","yoast_head_json":{"title":"Zeiss Vision Partner - Brillen Kratzmann","robots":{"index":"index","follow":"follow","max-snippet":"max-snippet:-1","max-image-preview":"max-image-preview:large","max-video-preview":"max-video-preview:-1"},"canonical":"https:\/\/www.brillen-kratzmann.de\/cms\/zeiss-vision-partner\/","og_locale":"de_DE","og_type":"article","og_title":"Zeiss Vision Partner - Brillen Kratzmann","og_description":"Das exklusive Beratungskonzept von Carl Zeiss bei Ihrem Augenoptiker. Der zentrale Gedanke des Relaxed Vision\u00ae Centers besteht darin, den Auge-Linse Dialog perfekt aufeinander abzustimmen. Dabei spielen folgende Kernkomponenten die Hauptrollen: eine qualitativ hochwertige Beratungsunterst\u00fctzung, der Einsatz neuester Brillenglas-Technologien und Messtechniken sowie die Markenqualit\u00e4t von ZEISS Pr\u00e4zisions-Brillengl\u00e4sern. Im Relaxed Vision\u00ae Center stehen Sie als Kunde im [&hellip;]","og_url":"https:\/\/www.brillen-kratzmann.de\/cms\/zeiss-vision-partner\/","og_site_name":"Brillen Kratzmann","article_modified_time":"2024-01-03T09:03:26+00:00","twitter_card":"summary_large_image","schema":{"@context":"https:\/\/schema.org","@graph":[{"@type":"WebPage","@id":"https:\/\/www.brillen-kratzmann.de\/cms\/zeiss-vision-partner\/","url":"https:\/\/www.brillen-kratzmann.de\/cms\/zeiss-vision-partner\/","name":"Zeiss Vision Partner - Brillen Kratzmann","isPartOf":{"@id":"https:\/\/www.brillen-kratzmann.de\/cms\/#website"},"datePublished":"2023-11-17T12:43:45+00:00","dateModified":"2024-01-03T09:03:26+00:00","breadcrumb":{"@id":"https:\/\/www.brillen-kratzmann.de\/cms\/zeiss-vision-partner\/#breadcrumb"},"inLanguage":"de","potentialAction":[{"@type":"ReadAction","target":["https:\/\/www.brillen-kratzmann.de\/cms\/zeiss-vision-partner\/"]}]},{"@type":"BreadcrumbList","@id":"https:\/\/www.brillen-kratzmann.de\/cms\/zeiss-vision-partner\/#breadcrumb","itemListElement":[{"@type":"ListItem","position":1,"name":"Startseite","item":"https:\/\/www.brillen-kratzmann.de\/cms\/"},{"@type":"ListItem","position":2,"name":"Zeiss Vision Partner"}]},{"@type":"WebSite","@id":"https:\/\/www.brillen-kratzmann.de\/cms\/#website","url":"https:\/\/www.brillen-kratzmann.de\/cms\/","name":"Brillen Kratzmann","description":"Seit \u00fcber 70 Jahren i Ihr Fachgesch\u00e4ft f\u00fcr perfektes Sehen in Stuttgart","potentialAction":[{"@type":"SearchAction","target":{"@type":"EntryPoint","urlTemplate":"https:\/\/www.brillen-kratzmann.de\/cms\/?s={search_term_string}"},"query-input":{"@type":"PropertyValueSpecification","valueRequired":true,"valueName":"search_term_string"}}],"inLanguage":"de"}]}},"_links":{"self":[{"href":"https:\/\/www.brillen-kratzmann.de\/cms\/wp-json\/wp\/v2\/pages\/91","targetHints":{"allow":["GET"]}}],"collection":[{"href":"https:\/\/www.brillen-kratzmann.de\/cms\/wp-json\/wp\/v2\/pages"}],"about":[{"href":"https:\/\/www.brillen-kratzmann.de\/cms\/wp-json\/wp\/v2\/types\/page"}],"author":[{"embeddable":true,"href":"https:\/\/www.brillen-kratzmann.de\/cms\/wp-json\/wp\/v2\/users\/1"}],"replies":[{"embeddable":true,"href":"https:\/\/www.brillen-kratzmann.de\/cms\/wp-json\/wp\/v2\/comments?post=91"}],"version-history":[{"count":7,"href":"https:\/\/www.brillen-kratzmann.de\/cms\/wp-json\/wp\/v2\/pages\/91\/revisions"}],"predecessor-version":[{"id":440,"href":"https:\/\/www.brillen-kratzmann.de\/cms\/wp-json\/wp\/v2\/pages\/91\/revisions\/440"}],"wp:attachment":[{"href":"https:\/\/www.brillen-kratzmann.de\/cms\/wp-json\/wp\/v2\/media?parent=91"}],"curies":[{"name":"wp","href":"https:\/\/api.w.org\/{rel}","templated":true}]}}